{"id":8969,"date":"2015-07-29T21:29:00","date_gmt":"2015-07-29T18:29:00","guid":{"rendered":"http:\/\/padastenew.local\/?page_id=8969"},"modified":"2025-10-14T08:14:36","modified_gmt":"2025-10-14T08:14:36","slug":"golf-padastega","status":"publish","type":"page","link":"https:\/\/xn--pdaste-bua.ee\/et\/paketid\/golf-padastega\/","title":{"rendered":"Golf P\u00e4dastega"},"content":{"rendered":"<p><a href=\"http:\/\/www.padaste.ee\/wp-content\/uploads\/2021\/02\/parnu-golf-club.jpg\"><img loading=\"lazy\" class=\"wp-image-16743 size-medium alignright\" src=\"http:\/\/www.padaste.ee\/wp-content\/uploads\/2021\/02\/parnu-golf-club-300x225.jpg\" alt=\"\" width=\"300\" height=\"225\" srcset=\"https:\/\/xn--pdaste-bua.ee\/wp-content\/uploads\/2021\/02\/parnu-golf-club-300x225.jpg 300w, https:\/\/xn--pdaste-bua.ee\/wp-content\/uploads\/2021\/02\/parnu-golf-club-768x576.jpg 768w, https:\/\/xn--pdaste-bua.ee\/wp-content\/uploads\/2021\/02\/parnu-golf-club-1024x768.jpg 1024w, https:\/\/xn--pdaste-bua.ee\/wp-content\/uploads\/2021\/02\/parnu-golf-club-24x18.jpg 24w, https:\/\/xn--pdaste-bua.ee\/wp-content\/uploads\/2021\/02\/parnu-golf-club-36x27.jpg 36w, https:\/\/xn--pdaste-bua.ee\/wp-content\/uploads\/2021\/02\/parnu-golf-club-48x36.jpg 48w\" sizes=\"(max-width: 300px) 100vw, 300px\" \/><\/a><\/p>\n<h1><span style=\"font-size: 22px; color: #ff0000;\">GOLF P\u00c4DASTEGA, 2 \u00f6\u00f6d<\/span><\/h1>\n<p>&nbsp;<\/p>\n<p>&nbsp;<\/p>\n<p><strong>Paketis sisaldub:<\/strong><\/p>\n<p>&nbsp;<\/p>\n<ul>\n<li>Tervituseks klaas vahuveini<\/li>\n<li>Valik P\u00e4daste Gourmet h\u00f5rgutisi ootamas teie toas<\/li>\n<li>2 \u00f6\u00f6d majutust P\u00e4daste M\u00f5isas<\/li>\n<li>2 neljak\u00e4igulist <em>Table d&#8217;H\u00f4te<\/em> \u00f5htus\u00f6\u00f6ki restoranis Alexander<\/li>\n<li>Green Fee (GF) 18-rajalisel Saare Golfi v\u00e4ljakul<\/li>\n<li>\u201cT\u00f5use ja s\u00e4ra\u201d hommikuv\u00f5imlemine iga p\u00e4ev kell 09:00 \u2013 joogal p\u00f5hinev virgutus ja venitused parima p\u00e4eva alustamiseks!<\/li>\n<\/ul>\n<p>&nbsp;<\/p>\n<p><strong>Hind alates 639 \u20ac<\/strong><\/p>\n<p>&nbsp;<\/p>\n<p><a href=\"http:\/\/www.padaste.ee\/et\/paketid\/golf-padastega\/paketi-detailid-golf-padastega\/\">Paketi detailid ja hinnad<\/a><\/p>\n<p>&nbsp;<\/p>\n<p>Broneerimiseks v\u00f5tke meiega \u00fchendust emailil&nbsp;<a href=\"mailto:info@padaste.ee\">info@padaste.ee<\/a>&nbsp;v\u00f5i helistage numbril +372 45 48 800<\/p>\n","protected":false},"excerpt":{"rendered":"<p>GOLF P\u00c4DASTEGA, 2 \u00f6\u00f6d &nbsp; &nbsp; Paketis sisaldub: &nbsp; Tervituseks klaas vahuveini Valik P\u00e4daste Gourmet h\u00f5rgutisi ootamas teie toas 2 \u00f6\u00f6d majutust P\u00e4daste M\u00f5isas 2 neljak\u00e4igulist Table d&#8217;H\u00f4te \u00f5htus\u00f6\u00f6ki restoranis Alexander Green Fee (GF) 18-rajalisel Saare Golfi v\u00e4ljakul \u201cT\u00f5use ja s\u00e4ra\u201d hommikuv\u00f5imlemine iga p\u00e4ev kell 09:00 \u2013 joogal p\u00f5hinev virgutus ja venitused parima p\u00e4eva alustamiseks! [&hellip;]<\/p>\n","protected":false},"author":50,"featured_media":0,"parent":8959,"menu_order":0,"comment_status":"closed","ping_status":"closed","template":"","meta":{"ngg_post_thumbnail":0,"_links_to":"","_links_to_target":""},"yoast_head":"<!-- This site is optimized with the Yoast SEO plugin v16.1.1 - https:\/\/yoast.com\/wordpress\/plugins\/seo\/ -->\n<title>Golf P\u00e4dastega -<\/title>\n<link rel=\"canonical\" href=\"https:\/\/xn--pdaste-bua.ee\/et\/paketid\/golf-padastega\/\" \/>\n<meta property=\"og:locale\" content=\"et_EE\" \/>\n<meta property=\"og:type\" content=\"article\" \/>\n<meta property=\"og:title\" content=\"Golf P\u00e4dastega -\" \/>\n<meta property=\"og:description\" content=\"GOLF P\u00c4DASTEGA, 2 \u00f6\u00f6d &nbsp; &nbsp; Paketis sisaldub: &nbsp; Tervituseks klaas vahuveini Valik P\u00e4daste Gourmet h\u00f5rgutisi ootamas teie toas 2 \u00f6\u00f6d majutust P\u00e4daste M\u00f5isas 2 neljak\u00e4igulist Table d&#8217;H\u00f4te \u00f5htus\u00f6\u00f6ki restoranis Alexander Green Fee (GF) 18-rajalisel Saare Golfi v\u00e4ljakul \u201cT\u00f5use ja s\u00e4ra\u201d hommikuv\u00f5imlemine iga p\u00e4ev kell 09:00 \u2013 joogal p\u00f5hinev virgutus ja venitused parima p\u00e4eva alustamiseks! [&hellip;]\" \/>\n<meta property=\"og:url\" content=\"https:\/\/xn--pdaste-bua.ee\/et\/paketid\/golf-padastega\/\" \/>\n<meta property=\"article:publisher\" content=\"https:\/\/www.facebook.com\/Padastemanor\/\" \/>\n<meta property=\"article:modified_time\" content=\"2025-10-14T08:14:36+00:00\" \/>\n<meta property=\"og:image\" content=\"http:\/\/www.padaste.ee\/wp-content\/uploads\/2021\/02\/parnu-golf-club-300x225.jpg\" \/>\n<meta name=\"twitter:card\" content=\"summary_large_image\" \/>\n<meta name=\"twitter:label1\" content=\"Est. reading time\">\n\t<meta name=\"twitter:data1\" content=\"1 minut\">\n<script type=\"application\/ld+json\" class=\"yoast-schema-graph\">{\"@context\":\"https:\/\/schema.org\",\"@graph\":[{\"@type\":\"Organization\",\"@id\":\"https:\/\/padaste.ee\/#organization\",\"name\":\"P\\u00e4daste M\\u00f5is\",\"url\":\"https:\/\/padaste.ee\/\",\"sameAs\":[\"https:\/\/www.facebook.com\/Padastemanor\/\"],\"logo\":{\"@type\":\"ImageObject\",\"@id\":\"https:\/\/padaste.ee\/#logo\",\"inLanguage\":\"et\",\"url\":\"https:\/\/padaste.ee\/wp-content\/uploads\/2018\/12\/padaste_2011.jpg\",\"contentUrl\":\"https:\/\/padaste.ee\/wp-content\/uploads\/2018\/12\/padaste_2011.jpg\",\"width\":154,\"height\":61,\"caption\":\"P\\u00e4daste M\\u00f5is\"},\"image\":{\"@id\":\"https:\/\/padaste.ee\/#logo\"}},{\"@type\":\"WebSite\",\"@id\":\"https:\/\/padaste.ee\/#website\",\"url\":\"https:\/\/padaste.ee\/\",\"name\":\"\",\"description\":\"\",\"publisher\":{\"@id\":\"https:\/\/padaste.ee\/#organization\"},\"potentialAction\":[{\"@type\":\"SearchAction\",\"target\":\"https:\/\/padaste.ee\/?s={search_term_string}\",\"query-input\":\"required name=search_term_string\"}],\"inLanguage\":\"et\"},{\"@type\":\"ImageObject\",\"@id\":\"https:\/\/xn--pdaste-bua.ee\/et\/paketid\/golf-padastega\/#primaryimage\",\"inLanguage\":\"et\",\"url\":\"http:\/\/www.padaste.ee\/wp-content\/uploads\/2021\/02\/parnu-golf-club-300x225.jpg\",\"contentUrl\":\"http:\/\/www.padaste.ee\/wp-content\/uploads\/2021\/02\/parnu-golf-club-300x225.jpg\"},{\"@type\":\"WebPage\",\"@id\":\"https:\/\/xn--pdaste-bua.ee\/et\/paketid\/golf-padastega\/#webpage\",\"url\":\"https:\/\/xn--pdaste-bua.ee\/et\/paketid\/golf-padastega\/\",\"name\":\"Golf P\\u00e4dastega -\",\"isPartOf\":{\"@id\":\"https:\/\/padaste.ee\/#website\"},\"primaryImageOfPage\":{\"@id\":\"https:\/\/xn--pdaste-bua.ee\/et\/paketid\/golf-padastega\/#primaryimage\"},\"datePublished\":\"2015-07-29T18:29:00+00:00\",\"dateModified\":\"2025-10-14T08:14:36+00:00\",\"breadcrumb\":{\"@id\":\"https:\/\/xn--pdaste-bua.ee\/et\/paketid\/golf-padastega\/#breadcrumb\"},\"inLanguage\":\"et\",\"potentialAction\":[{\"@type\":\"ReadAction\",\"target\":[\"https:\/\/xn--pdaste-bua.ee\/et\/paketid\/golf-padastega\/\"]}]},{\"@type\":\"BreadcrumbList\",\"@id\":\"https:\/\/xn--pdaste-bua.ee\/et\/paketid\/golf-padastega\/#breadcrumb\",\"itemListElement\":[{\"@type\":\"ListItem\",\"position\":1,\"item\":{\"@type\":\"WebPage\",\"@id\":\"https:\/\/padaste.ee\/et\/\",\"url\":\"https:\/\/padaste.ee\/et\/\",\"name\":\"Home\"}},{\"@type\":\"ListItem\",\"position\":2,\"item\":{\"@type\":\"WebPage\",\"@id\":\"https:\/\/xn--pdaste-bua.ee\/et\/paketid\/\",\"url\":\"https:\/\/xn--pdaste-bua.ee\/et\/paketid\/\",\"name\":\"Paketid\"}},{\"@type\":\"ListItem\",\"position\":3,\"item\":{\"@type\":\"WebPage\",\"@id\":\"https:\/\/xn--pdaste-bua.ee\/et\/paketid\/golf-padastega\/\",\"url\":\"https:\/\/xn--pdaste-bua.ee\/et\/paketid\/golf-padastega\/\",\"name\":\"Golf P\\u00e4dastega\"}}]}]}<\/script>\n<!-- \/ Yoast SEO plugin. -->","_links":{"self":[{"href":"https:\/\/xn--pdaste-bua.ee\/et\/wp-json\/wp\/v2\/pages\/8969"}],"collection":[{"href":"https:\/\/xn--pdaste-bua.ee\/et\/wp-json\/wp\/v2\/pages"}],"about":[{"href":"https:\/\/xn--pdaste-bua.ee\/et\/wp-json\/wp\/v2\/types\/page"}],"author":[{"embeddable":true,"href":"https:\/\/xn--pdaste-bua.ee\/et\/wp-json\/wp\/v2\/users\/50"}],"replies":[{"embeddable":true,"href":"https:\/\/xn--pdaste-bua.ee\/et\/wp-json\/wp\/v2\/comments?post=8969"}],"version-history":[{"count":18,"href":"https:\/\/xn--pdaste-bua.ee\/et\/wp-json\/wp\/v2\/pages\/8969\/revisions"}],"predecessor-version":[{"id":25501,"href":"https:\/\/xn--pdaste-bua.ee\/et\/wp-json\/wp\/v2\/pages\/8969\/revisions\/25501"}],"up":[{"embeddable":true,"href":"https:\/\/xn--pdaste-bua.ee\/et\/wp-json\/wp\/v2\/pages\/8959"}],"wp:attachment":[{"href":"https:\/\/xn--pdaste-bua.ee\/et\/wp-json\/wp\/v2\/media?parent=8969"}],"curies":[{"name":"wp","href":"https:\/\/api.w.org\/{rel}","templated":true}]}}