{"id":8955,"date":"2015-07-29T20:47:06","date_gmt":"2015-07-29T17:47:06","guid":{"rendered":"http:\/\/padastenew.local\/?page_id=8955"},"modified":"2025-08-29T13:21:13","modified_gmt":"2025-08-29T13:21:13","slug":"laua-broneerimine-alexander","status":"publish","type":"page","link":"https:\/\/xn--pdaste-bua.ee\/et\/broneeringud\/laua-broneerimine-alexander\/","title":{"rendered":"Laua broneerimine &#8211; Alexander"},"content":{"rendered":"<p>&nbsp;<\/p>\n<p><span style=\"color: #ff0000;\"><strong>Laua broneering<\/strong><\/span><br \/>\nOnline broneeringu vormistamine restorani Alexander on imelihtne!<br \/>\nTeie broneering laekub otse meie broneeringus\u00fcsteemi ja seda kuni kaks tundi enne soovitud saabumisaega. Broneeringu kinnituse saadame teile emaili teel.<\/p>\n<p>&nbsp;<\/p>\n<p><script src=\"http:\/\/js.i.dinnerbooking.eu\/onlinebooking.js\" type=\"text\/javascript\"><\/script><\/p>\n<p><a id=\"wd_new\" class=\"btn_red\" title=\"Broneeri individuaallaud restoranis Alexander\" href=\"https:\/\/book.dinnerbooking.com\/ee\/et-EE\/book\/table\/pax\/265\/2\">Broneeri individuaallaud restoranis Alexander<\/a> <br \/>\n<!-- DinnerBooking Booking Box End --><\/p>\n<p>&nbsp;<\/p>\n<p>&nbsp;<\/p>\n<p>\nBroneeringuteks saate meiega \u00fchendust ka telefonil <span style=\"font-weight: 400;\"><a href=\"tel:+3724548800\">+372 454 8800<\/a><\/span> v\u00f5i e-postil <a href=\"mailto:info@padaste.ee\">info@padaste.ee<\/a>.<\/p>\n<p>&nbsp;<\/p>\n<p><span style=\"color: #ff0000;\"><strong>Peakoka \u00fchislaud<\/strong><\/span><br \/>\nPeakoka \u00fchislauda on v\u00f5imalik kohti broneerid kuni 24 tundi enne k\u00fclastust. Broneerimiseks v\u00f5tke meiega \u00fchendust emailil <a href=\"mailto:info@padaste.ee\">info@padaste.ee<\/a>. Peakokalaua broneeringu kinnitamiseks palume krediitkaardi garantiid.<\/p>\n<p>&nbsp;<\/p>\n<p><strong><span style=\"color: #ff0000;\">Dress code &#8211; smart casual<\/span><\/strong><br \/>\nTagamaks k\u00f5ikide meie k\u00fclaliste rahulolu, oleme \u00f5htus\u00f6\u00f6gi ajaks seadnud laste ja imikute osas teatud piirangud, palun tutvuge <a href=\"https:\/\/www.padaste.ee\/wp-content\/uploads\/2022\/11\/imikute-ja-laste-eeskiri-restoranis-alexander-2023.pdf\">laste ja imikute eeskirjaga l\u00e4hemalt.<\/a><\/p>\n<p>&nbsp;<\/p>\n<p><span style=\"color: #ff0000;\"><strong>Broneeringud seitsmele ning enamale k\u00fclalisele<\/strong><\/span><br \/>\nBroneeringud seitsmele v\u00f5i enamale k\u00fclalisele palume vormistada emaili teel.<\/p>\n<p>&nbsp;<\/p>\n<p><span style=\"color: #ff0000;\"><strong>Suuremad seltskonnad<\/strong><\/span><br \/>\nSeitsme ja enama k\u00fclalisega seltskondadele pakume ettetellimisel \u00fchtset men\u00fc\u00fcd. Suuremate seltskondade broneeringute kinnitamiseks palume krediitkaardi garantiid v\u00f5i asutuse garantiikirja; juba kinnitatud reserveeringuid loeme l\u00f5plikeks.<\/p>\n<p>&nbsp;<\/p>\n<p><span style=\"color: #ff0000;\"><strong>P\u00e4daste Jahtklubi (23. juunist kuni 4. septembrini)<\/strong><\/span><br \/>\nP\u00e4daste Jahtklubisse saab broneeringuid <a href=\"http:\/\/www.padaste.ee\/et\/broneeringud\/laua-broneerimine-padaste-jahtklubi\/\">teha siin<\/a>.\u00a0<\/p>\n<p>&nbsp;<\/p>\n<p>Meie id\u00fclliline terrass lahe kaldal on ideaalne koht l\u00f5\u00f5gastavaks l\u00f5unaks ning nautimaks aperitiivi v\u00f5i digestiivi peale \u00f5htus\u00f6\u00f6ki restoranis Alexander. Terrass on avatud terve suve kuni septembri keskeni.<\/p>\n<p>&nbsp;<\/p>\n<p>Nendel kuudel, kui P\u00e4daste Jahtklubi on suletud, pakume l\u00f5unat restoranis Alexander vahemikus 13:00 \u2013 15:00. K\u00f6\u00f6k v\u00f5tab viimase tellimuse kell 15:00.<\/p>\n<p>&nbsp;<\/p>\n<p><a href=\"https:\/\/www.padaste.ee\/wp-content\/uploads\/2022\/03\/imikute-ja-laste-eeskiri-restoranis-alexander-2022.pdf\" target=\"_blank\" rel=\"noopener noreferrer\">Restoran Alexander broneerimis- ja t\u00fchistamistingimused<\/a><\/p>\n<p>&nbsp;<\/p>\n","protected":false},"excerpt":{"rendered":"<p>&nbsp; Laua broneering Online broneeringu vormistamine restorani Alexander on imelihtne! Teie broneering laekub otse meie broneeringus\u00fcsteemi ja seda kuni kaks tundi enne soovitud saabumisaega. Broneeringu kinnituse saadame teile emaili teel. &nbsp; Broneeri individuaallaud restoranis Alexander &nbsp; &nbsp; Broneeringuteks saate meiega \u00fchendust ka telefonil +372 454 8800 v\u00f5i e-postil info@padaste.ee. &nbsp; Peakoka \u00fchislaud Peakoka \u00fchislauda on [&hellip;]<\/p>\n","protected":false},"author":50,"featured_media":0,"parent":8914,"menu_order":0,"comment_status":"closed","ping_status":"closed","template":"","meta":{"ngg_post_thumbnail":0,"_links_to":"","_links_to_target":""},"yoast_head":"<!-- This site is optimized with the Yoast SEO plugin v16.1.1 - https:\/\/yoast.com\/wordpress\/plugins\/seo\/ -->\n<title>Laua broneerimine - Alexander -<\/title>\n<link rel=\"canonical\" href=\"https:\/\/xn--pdaste-bua.ee\/et\/broneeringud\/laua-broneerimine-alexander\/\" \/>\n<meta property=\"og:locale\" content=\"et_EE\" \/>\n<meta property=\"og:type\" content=\"article\" \/>\n<meta property=\"og:title\" content=\"Laua broneerimine - Alexander -\" \/>\n<meta property=\"og:description\" content=\"&nbsp; Laua broneering Online broneeringu vormistamine restorani Alexander on imelihtne! Teie broneering laekub otse meie broneeringus\u00fcsteemi ja seda kuni kaks tundi enne soovitud saabumisaega. Broneeringu kinnituse saadame teile emaili teel. &nbsp; Broneeri individuaallaud restoranis Alexander &nbsp; &nbsp; Broneeringuteks saate meiega \u00fchendust ka telefonil +372 454 8800 v\u00f5i e-postil info@padaste.ee. &nbsp; Peakoka \u00fchislaud Peakoka \u00fchislauda on [&hellip;]\" \/>\n<meta property=\"og:url\" content=\"https:\/\/xn--pdaste-bua.ee\/et\/broneeringud\/laua-broneerimine-alexander\/\" \/>\n<meta property=\"article:publisher\" content=\"https:\/\/www.facebook.com\/Padastemanor\/\" \/>\n<meta property=\"article:modified_time\" content=\"2025-08-29T13:21:13+00:00\" \/>\n<meta name=\"twitter:card\" content=\"summary_large_image\" \/>\n<meta name=\"twitter:label1\" content=\"Est. reading time\">\n\t<meta name=\"twitter:data1\" content=\"1 minut\">\n<script type=\"application\/ld+json\" class=\"yoast-schema-graph\">{\"@context\":\"https:\/\/schema.org\",\"@graph\":[{\"@type\":\"Organization\",\"@id\":\"https:\/\/padaste.ee\/#organization\",\"name\":\"P\\u00e4daste M\\u00f5is\",\"url\":\"https:\/\/padaste.ee\/\",\"sameAs\":[\"https:\/\/www.facebook.com\/Padastemanor\/\"],\"logo\":{\"@type\":\"ImageObject\",\"@id\":\"https:\/\/padaste.ee\/#logo\",\"inLanguage\":\"et\",\"url\":\"https:\/\/padaste.ee\/wp-content\/uploads\/2018\/12\/padaste_2011.jpg\",\"contentUrl\":\"https:\/\/padaste.ee\/wp-content\/uploads\/2018\/12\/padaste_2011.jpg\",\"width\":154,\"height\":61,\"caption\":\"P\\u00e4daste M\\u00f5is\"},\"image\":{\"@id\":\"https:\/\/padaste.ee\/#logo\"}},{\"@type\":\"WebSite\",\"@id\":\"https:\/\/padaste.ee\/#website\",\"url\":\"https:\/\/padaste.ee\/\",\"name\":\"\",\"description\":\"\",\"publisher\":{\"@id\":\"https:\/\/padaste.ee\/#organization\"},\"potentialAction\":[{\"@type\":\"SearchAction\",\"target\":\"https:\/\/padaste.ee\/?s={search_term_string}\",\"query-input\":\"required name=search_term_string\"}],\"inLanguage\":\"et\"},{\"@type\":\"WebPage\",\"@id\":\"https:\/\/xn--pdaste-bua.ee\/et\/broneeringud\/laua-broneerimine-alexander\/#webpage\",\"url\":\"https:\/\/xn--pdaste-bua.ee\/et\/broneeringud\/laua-broneerimine-alexander\/\",\"name\":\"Laua broneerimine - Alexander -\",\"isPartOf\":{\"@id\":\"https:\/\/padaste.ee\/#website\"},\"datePublished\":\"2015-07-29T17:47:06+00:00\",\"dateModified\":\"2025-08-29T13:21:13+00:00\",\"breadcrumb\":{\"@id\":\"https:\/\/xn--pdaste-bua.ee\/et\/broneeringud\/laua-broneerimine-alexander\/#breadcrumb\"},\"inLanguage\":\"et\",\"potentialAction\":[{\"@type\":\"ReadAction\",\"target\":[\"https:\/\/xn--pdaste-bua.ee\/et\/broneeringud\/laua-broneerimine-alexander\/\"]}]},{\"@type\":\"BreadcrumbList\",\"@id\":\"https:\/\/xn--pdaste-bua.ee\/et\/broneeringud\/laua-broneerimine-alexander\/#breadcrumb\",\"itemListElement\":[{\"@type\":\"ListItem\",\"position\":1,\"item\":{\"@type\":\"WebPage\",\"@id\":\"https:\/\/padaste.ee\/et\/\",\"url\":\"https:\/\/padaste.ee\/et\/\",\"name\":\"Home\"}},{\"@type\":\"ListItem\",\"position\":2,\"item\":{\"@type\":\"WebPage\",\"@id\":\"https:\/\/xn--pdaste-bua.ee\/et\/broneeringud\/\",\"url\":\"https:\/\/xn--pdaste-bua.ee\/et\/broneeringud\/\",\"name\":\"Broneeringud\"}},{\"@type\":\"ListItem\",\"position\":3,\"item\":{\"@type\":\"WebPage\",\"@id\":\"https:\/\/xn--pdaste-bua.ee\/et\/broneeringud\/laua-broneerimine-alexander\/\",\"url\":\"https:\/\/xn--pdaste-bua.ee\/et\/broneeringud\/laua-broneerimine-alexander\/\",\"name\":\"Laua broneerimine &#8211; Alexander\"}}]}]}<\/script>\n<!-- \/ Yoast SEO plugin. -->","_links":{"self":[{"href":"https:\/\/xn--pdaste-bua.ee\/et\/wp-json\/wp\/v2\/pages\/8955"}],"collection":[{"href":"https:\/\/xn--pdaste-bua.ee\/et\/wp-json\/wp\/v2\/pages"}],"about":[{"href":"https:\/\/xn--pdaste-bua.ee\/et\/wp-json\/wp\/v2\/types\/page"}],"author":[{"embeddable":true,"href":"https:\/\/xn--pdaste-bua.ee\/et\/wp-json\/wp\/v2\/users\/50"}],"replies":[{"embeddable":true,"href":"https:\/\/xn--pdaste-bua.ee\/et\/wp-json\/wp\/v2\/comments?post=8955"}],"version-history":[{"count":39,"href":"https:\/\/xn--pdaste-bua.ee\/et\/wp-json\/wp\/v2\/pages\/8955\/revisions"}],"predecessor-version":[{"id":25090,"href":"https:\/\/xn--pdaste-bua.ee\/et\/wp-json\/wp\/v2\/pages\/8955\/revisions\/25090"}],"up":[{"embeddable":true,"href":"https:\/\/xn--pdaste-bua.ee\/et\/wp-json\/wp\/v2\/pages\/8914"}],"wp:attachment":[{"href":"https:\/\/xn--pdaste-bua.ee\/et\/wp-json\/wp\/v2\/media?parent=8955"}],"curies":[{"name":"wp","href":"https:\/\/api.w.org\/{rel}","templated":true}]}}