{"id":8886,"date":"2015-07-29T15:03:08","date_gmt":"2015-07-29T12:03:08","guid":{"rendered":"http:\/\/padastenew.local\/?page_id=8886"},"modified":"2022-04-25T11:06:00","modified_gmt":"2022-04-25T11:06:00","slug":"padaste-eksklusiivselt-teie","status":"publish","type":"page","link":"https:\/\/xn--pdaste-bua.ee\/et\/tahtpaevad\/padaste-eksklusiivselt-teie\/","title":{"rendered":"P\u00e4daste eksklusiivselt Teie"},"content":{"rendered":"<p><a href=\"http:\/\/www.padaste.ee\/wp-content\/uploads\/2018\/02\/imgl9690_fullsize_fotograaf-lauri_-laan_.jpg\"><img loading=\"lazy\" class=\"alignright wp-image-11655 size-medium\" src=\"http:\/\/www.padaste.ee\/wp-content\/uploads\/2018\/02\/imgl9690_fullsize_fotograaf-lauri_-laan_-300x188.jpg\" alt=\"\" width=\"300\" height=\"188\" srcset=\"https:\/\/xn--pdaste-bua.ee\/wp-content\/uploads\/2018\/02\/imgl9690_fullsize_fotograaf-lauri_-laan_-300x188.jpg 300w, https:\/\/xn--pdaste-bua.ee\/wp-content\/uploads\/2018\/02\/imgl9690_fullsize_fotograaf-lauri_-laan_-768x480.jpg 768w, https:\/\/xn--pdaste-bua.ee\/wp-content\/uploads\/2018\/02\/imgl9690_fullsize_fotograaf-lauri_-laan_-1024x640.jpg 1024w, https:\/\/xn--pdaste-bua.ee\/wp-content\/uploads\/2018\/02\/imgl9690_fullsize_fotograaf-lauri_-laan_-24x15.jpg 24w, https:\/\/xn--pdaste-bua.ee\/wp-content\/uploads\/2018\/02\/imgl9690_fullsize_fotograaf-lauri_-laan_-36x23.jpg 36w, https:\/\/xn--pdaste-bua.ee\/wp-content\/uploads\/2018\/02\/imgl9690_fullsize_fotograaf-lauri_-laan_-48x30.jpg 48w\" sizes=\"(max-width: 300px) 100vw, 300px\" \/><\/a><\/p>\n<p><span style=\"color: #ff0000;\"><strong>Eksklusiivne kasutus <\/strong><\/span><\/p>\n<p>M\u00f5isakompleksi olemus ja asukoht muudavad selle ideaalseks privaatse loomuga \u00fcrituse l\u00e4biviimise paigaks. T\u00e4htp\u00e4evade, firma\u00fcrituste v\u00f5i n\u00f5upidamiste korraldamiseks pakume Teile t\u00e4ielikku privaatsust kompleksi eksklusiivse kasutus\u00f5iguse n\u00e4ol, eraviisiline ja turvaline ajaveetmine on garanteeritud m\u00f5isa hotellis, pargis ja restoranides, kogu kompleks on Teie broneeringu ajaks teistele k\u00fclalistele suletud. M\u00f5isakompleksi eksklusiivne kasutus on standardiks k\u00f5igile suuremahulistele \u00fcritustele, mida v\u00f5iksite soovida meie juures korraldada. Eksklusiivset kasutust on v\u00f5imalik broneerida koos Privaatse Talumajaga v\u00f5i ilma selleta. Eksklusiivne kasutus annab teile v\u00f5imalused muuta \u00fcritus just endale meelep\u00e4raseks. V\u00f5\u00f5rustage oma k\u00fclalisi ilma piiranguteta ning teisi k\u00fclalisi segamata.<\/p>\n<p>&nbsp;<\/p>\n<p><span style=\"color: #ff0000;\"><strong>Kohustluslik eksklusiivse kasutuse broneerimine <\/strong><\/span><\/p>\n<p>Me soovime pakkuda oma hotelli isikup\u00e4ra ja privaatsust k\u00f5igile k\u00fclalistele. Seet\u00f5ttu on 15 v\u00f5i enama toa broneerimisel kohustuslik broneerida ka eksklusiivne kasutus. See tagab teie \u00fcrituse parema l\u00e4biviimise.<\/p>\n<p>&nbsp;<\/p>\n<p><a href=\"http:\/\/www.padaste.ee\/et\/tahtpaevad\/kusi-personaalset-pakkumist\/\">K\u00fcsi personaalset pakkumist<\/a><\/p>\n","protected":false},"excerpt":{"rendered":"<p>Eksklusiivne kasutus M\u00f5isakompleksi olemus ja asukoht muudavad selle ideaalseks privaatse loomuga \u00fcrituse l\u00e4biviimise paigaks. T\u00e4htp\u00e4evade, firma\u00fcrituste v\u00f5i n\u00f5upidamiste korraldamiseks pakume Teile t\u00e4ielikku privaatsust kompleksi eksklusiivse kasutus\u00f5iguse n\u00e4ol, eraviisiline ja turvaline ajaveetmine on garanteeritud m\u00f5isa hotellis, pargis ja restoranides, kogu kompleks on Teie broneeringu ajaks teistele k\u00fclalistele suletud. M\u00f5isakompleksi eksklusiivne kasutus on standardiks k\u00f5igile suuremahulistele \u00fcritustele, [&hellip;]<\/p>\n","protected":false},"author":50,"featured_media":0,"parent":8780,"menu_order":0,"comment_status":"closed","ping_status":"closed","template":"","meta":{"ngg_post_thumbnail":0,"_links_to":"","_links_to_target":""},"yoast_head":"<!-- This site is optimized with the Yoast SEO plugin v16.1.1 - https:\/\/yoast.com\/wordpress\/plugins\/seo\/ -->\n<title>P\u00e4daste eksklusiivselt Teie -<\/title>\n<link rel=\"canonical\" href=\"https:\/\/www.padaste.ee\/et\/tahtpaevad\/padaste-eksklusiivselt-teie\/\" \/>\n<meta property=\"og:locale\" content=\"et_EE\" \/>\n<meta property=\"og:type\" content=\"article\" \/>\n<meta property=\"og:title\" content=\"P\u00e4daste eksklusiivselt Teie -\" \/>\n<meta property=\"og:description\" content=\"Eksklusiivne kasutus M\u00f5isakompleksi olemus ja asukoht muudavad selle ideaalseks privaatse loomuga \u00fcrituse l\u00e4biviimise paigaks. T\u00e4htp\u00e4evade, firma\u00fcrituste v\u00f5i n\u00f5upidamiste korraldamiseks pakume Teile t\u00e4ielikku privaatsust kompleksi eksklusiivse kasutus\u00f5iguse n\u00e4ol, eraviisiline ja turvaline ajaveetmine on garanteeritud m\u00f5isa hotellis, pargis ja restoranides, kogu kompleks on Teie broneeringu ajaks teistele k\u00fclalistele suletud. M\u00f5isakompleksi eksklusiivne kasutus on standardiks k\u00f5igile suuremahulistele \u00fcritustele, [&hellip;]\" \/>\n<meta property=\"og:url\" content=\"https:\/\/www.padaste.ee\/et\/tahtpaevad\/padaste-eksklusiivselt-teie\/\" \/>\n<meta property=\"article:publisher\" content=\"https:\/\/www.facebook.com\/Padastemanor\/\" \/>\n<meta property=\"article:modified_time\" content=\"2022-04-25T11:06:00+00:00\" \/>\n<meta property=\"og:image\" content=\"http:\/\/www.padaste.ee\/wp-content\/uploads\/2018\/02\/imgl9690_fullsize_fotograaf-lauri_-laan_-300x188.jpg\" \/>\n<meta name=\"twitter:card\" content=\"summary_large_image\" \/>\n<meta name=\"twitter:label1\" content=\"Est. reading time\">\n\t<meta name=\"twitter:data1\" content=\"1 minut\">\n<script type=\"application\/ld+json\" class=\"yoast-schema-graph\">{\"@context\":\"https:\/\/schema.org\",\"@graph\":[{\"@type\":\"Organization\",\"@id\":\"https:\/\/www.padaste.ee\/et\/#organization\",\"name\":\"P\\u00e4daste M\\u00f5is\",\"url\":\"https:\/\/www.padaste.ee\/et\/\",\"sameAs\":[\"https:\/\/www.facebook.com\/Padastemanor\/\"],\"logo\":{\"@type\":\"ImageObject\",\"@id\":\"https:\/\/www.padaste.ee\/et\/#logo\",\"inLanguage\":\"et\",\"url\":\"https:\/\/padaste.ee\/wp-content\/uploads\/2018\/12\/padaste_2011.jpg\",\"contentUrl\":\"https:\/\/padaste.ee\/wp-content\/uploads\/2018\/12\/padaste_2011.jpg\",\"width\":154,\"height\":61,\"caption\":\"P\\u00e4daste M\\u00f5is\"},\"image\":{\"@id\":\"https:\/\/www.padaste.ee\/et\/#logo\"}},{\"@type\":\"WebSite\",\"@id\":\"https:\/\/www.padaste.ee\/et\/#website\",\"url\":\"https:\/\/www.padaste.ee\/et\/\",\"name\":\"\",\"description\":\"\",\"publisher\":{\"@id\":\"https:\/\/www.padaste.ee\/et\/#organization\"},\"potentialAction\":[{\"@type\":\"SearchAction\",\"target\":\"https:\/\/www.padaste.ee\/et\/?s={search_term_string}\",\"query-input\":\"required name=search_term_string\"}],\"inLanguage\":\"et\"},{\"@type\":\"ImageObject\",\"@id\":\"https:\/\/www.padaste.ee\/et\/tahtpaevad\/padaste-eksklusiivselt-teie\/#primaryimage\",\"inLanguage\":\"et\",\"url\":\"http:\/\/www.padaste.ee\/wp-content\/uploads\/2018\/02\/imgl9690_fullsize_fotograaf-lauri_-laan_-300x188.jpg\",\"contentUrl\":\"http:\/\/www.padaste.ee\/wp-content\/uploads\/2018\/02\/imgl9690_fullsize_fotograaf-lauri_-laan_-300x188.jpg\"},{\"@type\":\"WebPage\",\"@id\":\"https:\/\/www.padaste.ee\/et\/tahtpaevad\/padaste-eksklusiivselt-teie\/#webpage\",\"url\":\"https:\/\/www.padaste.ee\/et\/tahtpaevad\/padaste-eksklusiivselt-teie\/\",\"name\":\"P\\u00e4daste eksklusiivselt Teie -\",\"isPartOf\":{\"@id\":\"https:\/\/www.padaste.ee\/et\/#website\"},\"primaryImageOfPage\":{\"@id\":\"https:\/\/www.padaste.ee\/et\/tahtpaevad\/padaste-eksklusiivselt-teie\/#primaryimage\"},\"datePublished\":\"2015-07-29T12:03:08+00:00\",\"dateModified\":\"2022-04-25T11:06:00+00:00\",\"breadcrumb\":{\"@id\":\"https:\/\/www.padaste.ee\/et\/tahtpaevad\/padaste-eksklusiivselt-teie\/#breadcrumb\"},\"inLanguage\":\"et\",\"potentialAction\":[{\"@type\":\"ReadAction\",\"target\":[\"https:\/\/www.padaste.ee\/et\/tahtpaevad\/padaste-eksklusiivselt-teie\/\"]}]},{\"@type\":\"BreadcrumbList\",\"@id\":\"https:\/\/www.padaste.ee\/et\/tahtpaevad\/padaste-eksklusiivselt-teie\/#breadcrumb\",\"itemListElement\":[{\"@type\":\"ListItem\",\"position\":1,\"item\":{\"@type\":\"WebPage\",\"@id\":\"https:\/\/www.padaste.ee\/et\/\",\"url\":\"https:\/\/www.padaste.ee\/et\/\",\"name\":\"Home\"}},{\"@type\":\"ListItem\",\"position\":2,\"item\":{\"@type\":\"WebPage\",\"@id\":\"https:\/\/padaste.ee\/et\/tahtpaevad\/\",\"url\":\"https:\/\/padaste.ee\/et\/tahtpaevad\/\",\"name\":\"T\\u00e4htp\\u00e4evad\"}},{\"@type\":\"ListItem\",\"position\":3,\"item\":{\"@type\":\"WebPage\",\"@id\":\"https:\/\/www.padaste.ee\/et\/tahtpaevad\/padaste-eksklusiivselt-teie\/\",\"url\":\"https:\/\/www.padaste.ee\/et\/tahtpaevad\/padaste-eksklusiivselt-teie\/\",\"name\":\"P\\u00e4daste eksklusiivselt Teie\"}}]}]}<\/script>\n<!-- \/ Yoast SEO plugin. -->","_links":{"self":[{"href":"https:\/\/xn--pdaste-bua.ee\/et\/wp-json\/wp\/v2\/pages\/8886"}],"collection":[{"href":"https:\/\/xn--pdaste-bua.ee\/et\/wp-json\/wp\/v2\/pages"}],"about":[{"href":"https:\/\/xn--pdaste-bua.ee\/et\/wp-json\/wp\/v2\/types\/page"}],"author":[{"embeddable":true,"href":"https:\/\/xn--pdaste-bua.ee\/et\/wp-json\/wp\/v2\/users\/50"}],"replies":[{"embeddable":true,"href":"https:\/\/xn--pdaste-bua.ee\/et\/wp-json\/wp\/v2\/comments?post=8886"}],"version-history":[{"count":3,"href":"https:\/\/xn--pdaste-bua.ee\/et\/wp-json\/wp\/v2\/pages\/8886\/revisions"}],"predecessor-version":[{"id":18377,"href":"https:\/\/xn--pdaste-bua.ee\/et\/wp-json\/wp\/v2\/pages\/8886\/revisions\/18377"}],"up":[{"embeddable":true,"href":"https:\/\/xn--pdaste-bua.ee\/et\/wp-json\/wp\/v2\/pages\/8780"}],"wp:attachment":[{"href":"https:\/\/xn--pdaste-bua.ee\/et\/wp-json\/wp\/v2\/media?parent=8886"}],"curies":[{"name":"wp","href":"https:\/\/api.w.org\/{rel}","templated":true}]}}