{"id":8677,"date":"2018-04-12T11:41:05","date_gmt":"2018-04-12T11:41:05","guid":{"rendered":"http:\/\/padastenew.local\/?page_id=8677"},"modified":"2025-04-25T08:16:40","modified_gmt":"2025-04-25T08:16:40","slug":"kelder","status":"publish","type":"page","link":"https:\/\/xn--pdaste-bua.ee\/et\/kook\/kelder\/","title":{"rendered":"Kelder"},"content":{"rendered":"<p><a href=\"http:\/\/padaste.ee\/wp-content\/uploads\/2015\/07\/3191019898_d9fb13d04d_z-copy.jpg\"><img loading=\"lazy\" class=\"  wp-image-8773 alignright\" src=\"http:\/\/padaste.ee\/wp-content\/uploads\/2015\/07\/3191019898_d9fb13d04d_z-copy.jpg\" alt=\"3191019898_d9fb13d04d_z copy\" width=\"349\" height=\"523\" srcset=\"https:\/\/xn--pdaste-bua.ee\/wp-content\/uploads\/2015\/07\/3191019898_d9fb13d04d_z-copy.jpg 450w, https:\/\/xn--pdaste-bua.ee\/wp-content\/uploads\/2015\/07\/3191019898_d9fb13d04d_z-copy-200x300.jpg 200w, https:\/\/xn--pdaste-bua.ee\/wp-content\/uploads\/2015\/07\/3191019898_d9fb13d04d_z-copy-16x24.jpg 16w, https:\/\/xn--pdaste-bua.ee\/wp-content\/uploads\/2015\/07\/3191019898_d9fb13d04d_z-copy-24x36.jpg 24w, https:\/\/xn--pdaste-bua.ee\/wp-content\/uploads\/2015\/07\/3191019898_d9fb13d04d_z-copy-32x48.jpg 32w\" sizes=\"(max-width: 349px) 100vw, 349px\" \/><\/a>P\u00e4daste h\u00e4stivarustatud veinikeldri v\u00f5lvlagede ajalugu ulatub tagasi juba 14.sajandisse, mil m\u00f5isahoone esmased ruumid valmisid. Tollal asusid sealsamas, ideaalse ruudu kujulises ruumis, m\u00f5isa soojuskatlad, t\u00e4na aga kontrollitud temperatuuri ja m\u00e4rkimist v\u00e4\u00e4rt valiku ja koguga veinikelder. Veinikeldri k\u00f5rval asub ka privaatne koosolemise ruum, mida saab kasutada kokandustundide l\u00e4biviimiseks, veinide degusteerimiseks v\u00f5i eraviisilise \u00f5htus\u00f6\u00f6gi korraldamiseks kuni 12 inimesele.<\/p>\n<p>&nbsp;<\/p>\n<p>M\u00f5isa sommeljee tutvustab meelsasti P\u00e4daste veinikeldrit Teile kohapeal ka l\u00e4hemalt!<\/p>\n","protected":false},"excerpt":{"rendered":"<p>P\u00e4daste h\u00e4stivarustatud veinikeldri v\u00f5lvlagede ajalugu ulatub tagasi juba 14.sajandisse, mil m\u00f5isahoone esmased ruumid valmisid. Tollal asusid sealsamas, ideaalse ruudu kujulises ruumis, m\u00f5isa soojuskatlad, t\u00e4na aga kontrollitud temperatuuri ja m\u00e4rkimist v\u00e4\u00e4rt valiku ja koguga veinikelder. Veinikeldri k\u00f5rval asub ka privaatne koosolemise ruum, mida saab kasutada kokandustundide l\u00e4biviimiseks, veinide degusteerimiseks v\u00f5i eraviisilise \u00f5htus\u00f6\u00f6gi korraldamiseks kuni 12 inimesele. [&hellip;]<\/p>\n","protected":false},"author":50,"featured_media":8773,"parent":8580,"menu_order":4,"comment_status":"closed","ping_status":"closed","template":"","meta":{"ngg_post_thumbnail":0,"_links_to":"","_links_to_target":""},"yoast_head":"<!-- This site is optimized with the Yoast SEO plugin v16.1.1 - https:\/\/yoast.com\/wordpress\/plugins\/seo\/ -->\n<title>Kelder -<\/title>\n<link rel=\"canonical\" href=\"https:\/\/xn--pdaste-bua.ee\/et\/kook\/kelder\/\" \/>\n<meta property=\"og:locale\" content=\"et_EE\" \/>\n<meta property=\"og:type\" content=\"article\" \/>\n<meta property=\"og:title\" content=\"Kelder -\" \/>\n<meta property=\"og:description\" content=\"P\u00e4daste h\u00e4stivarustatud veinikeldri v\u00f5lvlagede ajalugu ulatub tagasi juba 14.sajandisse, mil m\u00f5isahoone esmased ruumid valmisid. Tollal asusid sealsamas, ideaalse ruudu kujulises ruumis, m\u00f5isa soojuskatlad, t\u00e4na aga kontrollitud temperatuuri ja m\u00e4rkimist v\u00e4\u00e4rt valiku ja koguga veinikelder. Veinikeldri k\u00f5rval asub ka privaatne koosolemise ruum, mida saab kasutada kokandustundide l\u00e4biviimiseks, veinide degusteerimiseks v\u00f5i eraviisilise \u00f5htus\u00f6\u00f6gi korraldamiseks kuni 12 inimesele. [&hellip;]\" \/>\n<meta property=\"og:url\" content=\"https:\/\/xn--pdaste-bua.ee\/et\/kook\/kelder\/\" \/>\n<meta property=\"article:publisher\" content=\"https:\/\/www.facebook.com\/Padastemanor\/\" \/>\n<meta property=\"article:modified_time\" content=\"2025-04-25T08:16:40+00:00\" \/>\n<meta property=\"og:image\" content=\"https:\/\/xn--pdaste-bua.ee\/wp-content\/uploads\/2015\/07\/3191019898_d9fb13d04d_z-copy.jpg\" \/>\n\t<meta property=\"og:image:width\" content=\"450\" \/>\n\t<meta property=\"og:image:height\" content=\"674\" \/>\n<meta name=\"twitter:card\" content=\"summary_large_image\" \/>\n<script type=\"application\/ld+json\" class=\"yoast-schema-graph\">{\"@context\":\"https:\/\/schema.org\",\"@graph\":[{\"@type\":\"Organization\",\"@id\":\"https:\/\/padaste.ee\/#organization\",\"name\":\"P\\u00e4daste M\\u00f5is\",\"url\":\"https:\/\/padaste.ee\/\",\"sameAs\":[\"https:\/\/www.facebook.com\/Padastemanor\/\"],\"logo\":{\"@type\":\"ImageObject\",\"@id\":\"https:\/\/padaste.ee\/#logo\",\"inLanguage\":\"et\",\"url\":\"https:\/\/padaste.ee\/wp-content\/uploads\/2018\/12\/padaste_2011.jpg\",\"contentUrl\":\"https:\/\/padaste.ee\/wp-content\/uploads\/2018\/12\/padaste_2011.jpg\",\"width\":154,\"height\":61,\"caption\":\"P\\u00e4daste M\\u00f5is\"},\"image\":{\"@id\":\"https:\/\/padaste.ee\/#logo\"}},{\"@type\":\"WebSite\",\"@id\":\"https:\/\/padaste.ee\/#website\",\"url\":\"https:\/\/padaste.ee\/\",\"name\":\"\",\"description\":\"\",\"publisher\":{\"@id\":\"https:\/\/padaste.ee\/#organization\"},\"potentialAction\":[{\"@type\":\"SearchAction\",\"target\":\"https:\/\/padaste.ee\/?s={search_term_string}\",\"query-input\":\"required name=search_term_string\"}],\"inLanguage\":\"et\"},{\"@type\":\"ImageObject\",\"@id\":\"https:\/\/xn--pdaste-bua.ee\/et\/kook\/kelder\/#primaryimage\",\"inLanguage\":\"et\",\"url\":\"https:\/\/xn--pdaste-bua.ee\/wp-content\/uploads\/2015\/07\/3191019898_d9fb13d04d_z-copy.jpg\",\"contentUrl\":\"https:\/\/xn--pdaste-bua.ee\/wp-content\/uploads\/2015\/07\/3191019898_d9fb13d04d_z-copy.jpg\",\"width\":450,\"height\":674},{\"@type\":\"WebPage\",\"@id\":\"https:\/\/xn--pdaste-bua.ee\/et\/kook\/kelder\/#webpage\",\"url\":\"https:\/\/xn--pdaste-bua.ee\/et\/kook\/kelder\/\",\"name\":\"Kelder -\",\"isPartOf\":{\"@id\":\"https:\/\/padaste.ee\/#website\"},\"primaryImageOfPage\":{\"@id\":\"https:\/\/xn--pdaste-bua.ee\/et\/kook\/kelder\/#primaryimage\"},\"datePublished\":\"2018-04-12T11:41:05+00:00\",\"dateModified\":\"2025-04-25T08:16:40+00:00\",\"breadcrumb\":{\"@id\":\"https:\/\/xn--pdaste-bua.ee\/et\/kook\/kelder\/#breadcrumb\"},\"inLanguage\":\"et\",\"potentialAction\":[{\"@type\":\"ReadAction\",\"target\":[\"https:\/\/xn--pdaste-bua.ee\/et\/kook\/kelder\/\"]}]},{\"@type\":\"BreadcrumbList\",\"@id\":\"https:\/\/xn--pdaste-bua.ee\/et\/kook\/kelder\/#breadcrumb\",\"itemListElement\":[{\"@type\":\"ListItem\",\"position\":1,\"item\":{\"@type\":\"WebPage\",\"@id\":\"https:\/\/padaste.ee\/et\/\",\"url\":\"https:\/\/padaste.ee\/et\/\",\"name\":\"Home\"}},{\"@type\":\"ListItem\",\"position\":2,\"item\":{\"@type\":\"WebPage\",\"@id\":\"https:\/\/www.padaste.ee\/et\/kook\/\",\"url\":\"https:\/\/www.padaste.ee\/et\/kook\/\",\"name\":\"K\\u00f6\\u00f6k\"}},{\"@type\":\"ListItem\",\"position\":3,\"item\":{\"@type\":\"WebPage\",\"@id\":\"https:\/\/xn--pdaste-bua.ee\/et\/kook\/kelder\/\",\"url\":\"https:\/\/xn--pdaste-bua.ee\/et\/kook\/kelder\/\",\"name\":\"Kelder\"}}]}]}<\/script>\n<!-- \/ Yoast SEO plugin. -->","_links":{"self":[{"href":"https:\/\/xn--pdaste-bua.ee\/et\/wp-json\/wp\/v2\/pages\/8677"}],"collection":[{"href":"https:\/\/xn--pdaste-bua.ee\/et\/wp-json\/wp\/v2\/pages"}],"about":[{"href":"https:\/\/xn--pdaste-bua.ee\/et\/wp-json\/wp\/v2\/types\/page"}],"author":[{"embeddable":true,"href":"https:\/\/xn--pdaste-bua.ee\/et\/wp-json\/wp\/v2\/users\/50"}],"replies":[{"embeddable":true,"href":"https:\/\/xn--pdaste-bua.ee\/et\/wp-json\/wp\/v2\/comments?post=8677"}],"version-history":[{"count":2,"href":"https:\/\/xn--pdaste-bua.ee\/et\/wp-json\/wp\/v2\/pages\/8677\/revisions"}],"predecessor-version":[{"id":15681,"href":"https:\/\/xn--pdaste-bua.ee\/et\/wp-json\/wp\/v2\/pages\/8677\/revisions\/15681"}],"up":[{"embeddable":true,"href":"https:\/\/xn--pdaste-bua.ee\/et\/wp-json\/wp\/v2\/pages\/8580"}],"wp:featuredmedia":[{"embeddable":true,"href":"https:\/\/xn--pdaste-bua.ee\/et\/wp-json\/wp\/v2\/media\/8773"}],"wp:attachment":[{"href":"https:\/\/xn--pdaste-bua.ee\/et\/wp-json\/wp\/v2\/media?parent=8677"}],"curies":[{"name":"wp","href":"https:\/\/api.w.org\/{rel}","templated":true}]}}