{"id":8663,"date":"2018-01-06T11:25:56","date_gmt":"2018-01-06T11:25:56","guid":{"rendered":"http:\/\/padastenew.local\/?page_id=8663"},"modified":"2024-08-06T17:51:59","modified_gmt":"2024-08-06T17:51:59","slug":"siberi-kulmavee-tors","status":"publish","type":"page","link":"https:\/\/xn--pdaste-bua.ee\/et\/spa\/siberi-kulmavee-tors\/","title":{"rendered":"P\u00f5hjala k\u00fclmavee t\u00f5rs"},"content":{"rendered":"<h1><strong><a href=\"http:\/\/padaste.ee\/wp-content\/uploads\/2012\/06\/3073561294_086a5af388_z.jpg\"><img loading=\"lazy\" class=\"  wp-image-5686 alignright\" src=\"http:\/\/padaste.ee\/wp-content\/uploads\/2012\/06\/3073561294_086a5af388_z.jpg\" alt=\"3073561294_086a5af388_z\" width=\"460\" height=\"307\" srcset=\"https:\/\/xn--pdaste-bua.ee\/wp-content\/uploads\/2012\/06\/3073561294_086a5af388_z.jpg 640w, https:\/\/xn--pdaste-bua.ee\/wp-content\/uploads\/2012\/06\/3073561294_086a5af388_z-300x200.jpg 300w, https:\/\/xn--pdaste-bua.ee\/wp-content\/uploads\/2012\/06\/3073561294_086a5af388_z-24x16.jpg 24w, https:\/\/xn--pdaste-bua.ee\/wp-content\/uploads\/2012\/06\/3073561294_086a5af388_z-36x24.jpg 36w, https:\/\/xn--pdaste-bua.ee\/wp-content\/uploads\/2012\/06\/3073561294_086a5af388_z-48x32.jpg 48w\" sizes=\"(max-width: 460px) 100vw, 460px\" \/><\/a><\/strong><\/h1>\n<h1><span style=\"color: #ff0000;\">T\u00f5eliselt v\u00e4rskendav elamus Spa terrassil! 6\u00b0C<\/span><\/h1>\n<p>&nbsp;<\/p>\n<p>Eesti saunatraditsioonide juurde kuulub kindlasti ka kuumast saunast tulles karastavasse k\u00fclma vette kastmine, et keha jahutada ja meeli v\u00e4rskendada.&nbsp;<\/p>\n<p>&nbsp;<\/p>\n<p>Kogege P\u00f5hjala K\u00fclmaveet\u00f5rre ergutavat j\u00f5udu \u2013 v\u00e4rskendavat sukeldumist k\u00fclma vette, mis elavdab nii keha kui ka meelt. Inspireeritud tuntud Wim Hofi meetodist ja Eesti rikkalikust traditsioonist v\u00f5tta saunaseansside vahel j\u00e4iseid k\u00fcmblusi, pakub meie P\u00f5hjala K\u00fclmvann v\u00f5rreldamatut noorendavat kogemust. Seda on hea kogeda nii enne, kui p\u00e4rast &nbsp;<a href=\"https:\/\/padaste.ee\/et\/spa\/padaste-suitsusaun\/\">Suitsusauna<\/a>, <a href=\"https:\/\/padaste.ee\/et\/spa\/muhu-saun\/\">Muhu sauna<\/a>, <a href=\"https:\/\/padaste.ee\/et\/spa\/soolakristalli-saun\/\">Kristallsauna<\/a>, &nbsp;<a href=\"https:\/\/padaste.ee\/et\/spa\/aurusaun\/\">\u00dcrdi-aurusauna<\/a> ja <a href=\"https:\/\/padaste.ee\/et\/spa\/tervendav-kuumaveeallikas\/\">kuumaaveeallikat<\/a>.<\/p>\n<p>&nbsp;<\/p>\n<p>SPA terrassile s\u00fcvistatud naturaalsest puidust t\u00f5rrest avaneb suurep\u00e4rane vaade P\u00e4daste lahele. T\u00f5rs on iga p\u00e4ev t\u00e4idetud v\u00e4rske toniseeriva allikaveega ja hoiab p\u00fcsivat temperatuuri 6\u00b0C juures, tagades t\u00e4iusliku k\u00fclmateraapia seansi.<\/p>\n<p>&nbsp;<\/p>\n<p>K\u00fclmaveeteraapia on tuntud oma arvukate kasulike m\u00f5jude poolest:<\/p>\n<ul>\n<li><strong>Immuunsuse t\u00f5stmine:<\/strong> Regulaarne k\u00fclma vette kastmine v\u00f5ib tugevdada immuuns\u00fcsteemi, muutes keha vastupidavamaks haiguste suhtes.<\/li>\n<li><strong>Paranenud vereringe:<\/strong> K\u00fclm stimuleerib verevoolu, parandades s\u00fcdame-veresoonkonna tervist ning toimetades hapnikku ja toitaineid kogu kehas.<\/li>\n<li><strong>P\u00f5letiku v\u00e4hendamine:<\/strong> J\u00e4\u00e4k\u00fclm vesi aitab v\u00e4hendada lihasvalu ja p\u00f5letikku, kiirendades taastumist p\u00e4rast f\u00fc\u00fcsilist tegevust.<\/li>\n<li><strong>Meeleolu t\u00f5stmine:<\/strong> K\u00fclmale avatud olek vallandab endorfiine, t\u00f5stes meeleolu ja v\u00e4hendades depressiooni ja \u00e4revuse s\u00fcmptomeid.<\/li>\n<li><strong>Energia suurendamine:<\/strong> K\u00fclmavee \u0161okk elavdab keha, j\u00e4ttes teid \u00e4rksamaks ja energilisemaks.<\/li>\n<\/ul>\n<p>Meie P\u00f5hjala K\u00fclmvann j\u00e4tkab iidset traditsiooni, pakkudes karastavat kogemust. Tundke P\u00f5hjala puudutust ja avastage enda jaoks P\u00f5hjala K\u00fclmaveet\u00f5rre eelised \u2013 sest te v\u00e4\u00e4rite end tunda v\u00e4rskena, elavdatuna ja oma parimas vormis, p\u00e4eval ja \u00f6\u00f6sel.&nbsp;<\/p>\n<p>&nbsp;<\/p>\n<p>K\u00fclmaveet\u00f5rs on k\u00f5ikidele SPA k\u00fclalistele tasuta ja seda ei pea eraldi broneerima. Kasutage meie k\u00fclmvanni, et v\u00e4rskendada end saunaseansside v\u00f5i protseduuride vahel. Palun k\u00e4ige enne P\u00f5hjala K\u00fclmaveet\u00f5rre kasutamist du\u0161i all.<\/p>\n","protected":false},"excerpt":{"rendered":"<p>T\u00f5eliselt v\u00e4rskendav elamus Spa terrassil! 6\u00b0C &nbsp; Eesti saunatraditsioonide juurde kuulub kindlasti ka kuumast saunast tulles karastavasse k\u00fclma vette kastmine, et keha jahutada ja meeli v\u00e4rskendada.&nbsp; &nbsp; Kogege P\u00f5hjala K\u00fclmaveet\u00f5rre ergutavat j\u00f5udu \u2013 v\u00e4rskendavat sukeldumist k\u00fclma vette, mis elavdab nii keha kui ka meelt. Inspireeritud tuntud Wim Hofi meetodist ja Eesti rikkalikust traditsioonist v\u00f5tta saunaseansside [&hellip;]<\/p>\n","protected":false},"author":50,"featured_media":5686,"parent":8578,"menu_order":4,"comment_status":"closed","ping_status":"closed","template":"","meta":{"ngg_post_thumbnail":0,"_links_to":"","_links_to_target":""},"yoast_head":"<!-- This site is optimized with the Yoast SEO plugin v16.1.1 - https:\/\/yoast.com\/wordpress\/plugins\/seo\/ -->\n<title>P\u00f5hjala k\u00fclmavee t\u00f5rs -<\/title>\n<link rel=\"canonical\" href=\"https:\/\/www.padaste.ee\/et\/spa\/siberi-kulmavee-tors\/\" \/>\n<meta property=\"og:locale\" content=\"et_EE\" \/>\n<meta property=\"og:type\" content=\"article\" \/>\n<meta property=\"og:title\" content=\"P\u00f5hjala k\u00fclmavee t\u00f5rs -\" \/>\n<meta property=\"og:description\" content=\"T\u00f5eliselt v\u00e4rskendav elamus Spa terrassil! 6\u00b0C &nbsp; Eesti saunatraditsioonide juurde kuulub kindlasti ka kuumast saunast tulles karastavasse k\u00fclma vette kastmine, et keha jahutada ja meeli v\u00e4rskendada.&nbsp; &nbsp; Kogege P\u00f5hjala K\u00fclmaveet\u00f5rre ergutavat j\u00f5udu \u2013 v\u00e4rskendavat sukeldumist k\u00fclma vette, mis elavdab nii keha kui ka meelt. Inspireeritud tuntud Wim Hofi meetodist ja Eesti rikkalikust traditsioonist v\u00f5tta saunaseansside [&hellip;]\" \/>\n<meta property=\"og:url\" content=\"https:\/\/www.padaste.ee\/et\/spa\/siberi-kulmavee-tors\/\" \/>\n<meta property=\"article:publisher\" content=\"https:\/\/www.facebook.com\/Padastemanor\/\" \/>\n<meta property=\"article:modified_time\" content=\"2024-08-06T17:51:59+00:00\" \/>\n<meta property=\"og:image\" content=\"https:\/\/xn--pdaste-bua.ee\/wp-content\/uploads\/2012\/06\/3073561294_086a5af388_z.jpg\" \/>\n\t<meta property=\"og:image:width\" content=\"640\" \/>\n\t<meta property=\"og:image:height\" content=\"427\" \/>\n<meta name=\"twitter:card\" content=\"summary_large_image\" \/>\n<meta name=\"twitter:label1\" content=\"Est. reading time\">\n\t<meta name=\"twitter:data1\" content=\"2 minutit\">\n<script type=\"application\/ld+json\" class=\"yoast-schema-graph\">{\"@context\":\"https:\/\/schema.org\",\"@graph\":[{\"@type\":\"Organization\",\"@id\":\"https:\/\/www.padaste.ee\/et\/#organization\",\"name\":\"P\\u00e4daste M\\u00f5is\",\"url\":\"https:\/\/www.padaste.ee\/et\/\",\"sameAs\":[\"https:\/\/www.facebook.com\/Padastemanor\/\"],\"logo\":{\"@type\":\"ImageObject\",\"@id\":\"https:\/\/www.padaste.ee\/et\/#logo\",\"inLanguage\":\"et\",\"url\":\"https:\/\/padaste.ee\/wp-content\/uploads\/2018\/12\/padaste_2011.jpg\",\"contentUrl\":\"https:\/\/padaste.ee\/wp-content\/uploads\/2018\/12\/padaste_2011.jpg\",\"width\":154,\"height\":61,\"caption\":\"P\\u00e4daste M\\u00f5is\"},\"image\":{\"@id\":\"https:\/\/www.padaste.ee\/et\/#logo\"}},{\"@type\":\"WebSite\",\"@id\":\"https:\/\/www.padaste.ee\/et\/#website\",\"url\":\"https:\/\/www.padaste.ee\/et\/\",\"name\":\"\",\"description\":\"\",\"publisher\":{\"@id\":\"https:\/\/www.padaste.ee\/et\/#organization\"},\"potentialAction\":[{\"@type\":\"SearchAction\",\"target\":\"https:\/\/www.padaste.ee\/et\/?s={search_term_string}\",\"query-input\":\"required name=search_term_string\"}],\"inLanguage\":\"et\"},{\"@type\":\"ImageObject\",\"@id\":\"https:\/\/www.padaste.ee\/et\/spa\/siberi-kulmavee-tors\/#primaryimage\",\"inLanguage\":\"et\",\"url\":\"https:\/\/xn--pdaste-bua.ee\/wp-content\/uploads\/2012\/06\/3073561294_086a5af388_z.jpg\",\"contentUrl\":\"https:\/\/xn--pdaste-bua.ee\/wp-content\/uploads\/2012\/06\/3073561294_086a5af388_z.jpg\",\"width\":640,\"height\":427},{\"@type\":\"WebPage\",\"@id\":\"https:\/\/www.padaste.ee\/et\/spa\/siberi-kulmavee-tors\/#webpage\",\"url\":\"https:\/\/www.padaste.ee\/et\/spa\/siberi-kulmavee-tors\/\",\"name\":\"P\\u00f5hjala k\\u00fclmavee t\\u00f5rs -\",\"isPartOf\":{\"@id\":\"https:\/\/www.padaste.ee\/et\/#website\"},\"primaryImageOfPage\":{\"@id\":\"https:\/\/www.padaste.ee\/et\/spa\/siberi-kulmavee-tors\/#primaryimage\"},\"datePublished\":\"2018-01-06T11:25:56+00:00\",\"dateModified\":\"2024-08-06T17:51:59+00:00\",\"breadcrumb\":{\"@id\":\"https:\/\/www.padaste.ee\/et\/spa\/siberi-kulmavee-tors\/#breadcrumb\"},\"inLanguage\":\"et\",\"potentialAction\":[{\"@type\":\"ReadAction\",\"target\":[\"https:\/\/www.padaste.ee\/et\/spa\/siberi-kulmavee-tors\/\"]}]},{\"@type\":\"BreadcrumbList\",\"@id\":\"https:\/\/www.padaste.ee\/et\/spa\/siberi-kulmavee-tors\/#breadcrumb\",\"itemListElement\":[{\"@type\":\"ListItem\",\"position\":1,\"item\":{\"@type\":\"WebPage\",\"@id\":\"https:\/\/www.padaste.ee\/et\/\",\"url\":\"https:\/\/www.padaste.ee\/et\/\",\"name\":\"Home\"}},{\"@type\":\"ListItem\",\"position\":2,\"item\":{\"@type\":\"WebPage\",\"@id\":\"https:\/\/xn--pdaste-bua.ee\/et\/spa\/\",\"url\":\"https:\/\/xn--pdaste-bua.ee\/et\/spa\/\",\"name\":\"Spa &#8211; Kuue meele p\\u00fchamu\"}},{\"@type\":\"ListItem\",\"position\":3,\"item\":{\"@type\":\"WebPage\",\"@id\":\"https:\/\/www.padaste.ee\/et\/spa\/siberi-kulmavee-tors\/\",\"url\":\"https:\/\/www.padaste.ee\/et\/spa\/siberi-kulmavee-tors\/\",\"name\":\"P\\u00f5hjala k\\u00fclmavee t\\u00f5rs\"}}]}]}<\/script>\n<!-- \/ Yoast SEO plugin. -->","_links":{"self":[{"href":"https:\/\/xn--pdaste-bua.ee\/et\/wp-json\/wp\/v2\/pages\/8663"}],"collection":[{"href":"https:\/\/xn--pdaste-bua.ee\/et\/wp-json\/wp\/v2\/pages"}],"about":[{"href":"https:\/\/xn--pdaste-bua.ee\/et\/wp-json\/wp\/v2\/types\/page"}],"author":[{"embeddable":true,"href":"https:\/\/xn--pdaste-bua.ee\/et\/wp-json\/wp\/v2\/users\/50"}],"replies":[{"embeddable":true,"href":"https:\/\/xn--pdaste-bua.ee\/et\/wp-json\/wp\/v2\/comments?post=8663"}],"version-history":[{"count":12,"href":"https:\/\/xn--pdaste-bua.ee\/et\/wp-json\/wp\/v2\/pages\/8663\/revisions"}],"predecessor-version":[{"id":22121,"href":"https:\/\/xn--pdaste-bua.ee\/et\/wp-json\/wp\/v2\/pages\/8663\/revisions\/22121"}],"up":[{"embeddable":true,"href":"https:\/\/xn--pdaste-bua.ee\/et\/wp-json\/wp\/v2\/pages\/8578"}],"wp:featuredmedia":[{"embeddable":true,"href":"https:\/\/xn--pdaste-bua.ee\/et\/wp-json\/wp\/v2\/media\/5686"}],"wp:attachment":[{"href":"https:\/\/xn--pdaste-bua.ee\/et\/wp-json\/wp\/v2\/media?parent=8663"}],"curies":[{"name":"wp","href":"https:\/\/api.w.org\/{rel}","templated":true}]}}