{"id":21256,"date":"2024-02-20T02:10:46","date_gmt":"2024-02-20T02:10:46","guid":{"rendered":"https:\/\/www.padaste.ee\/?page_id=21256"},"modified":"2025-06-27T11:07:24","modified_gmt":"2025-06-27T11:07:24","slug":"turgutav-kevadpuhkus-2","status":"publish","type":"page","link":"https:\/\/xn--pdaste-bua.ee\/et\/turgutav-kevadpuhkus-2\/","title":{"rendered":"Turgutav kevadpuhkus"},"content":{"rendered":"<p style=\"text-align: left;\">Unistad ainulaadsest puhkusest P\u00e4daste M\u00f5isas kaunil kevadisel Muhu saarel?<\/p>\n<p style=\"text-align: left;\">&nbsp;<\/p>\n<p style=\"text-align: left;\">Tee oma broneering veebruaris ja kingime sulle<\/p>\n<p style=\"text-align: left;\">&nbsp;<\/p>\n<p style=\"text-align: left;\"><span style=\"color: #ff0000;\"><strong>200 EUR puhkusekrediiti*<\/strong><\/span><\/p>\n<p style=\"text-align: left;\">&nbsp;<\/p>\n<p style=\"text-align: left;\">Naudi kevadmeloodiaid ja P\u00e4daste M\u00f5isa tuntud k\u00fclalislahkust<\/p>\n<p style=\"text-align: left;\">&nbsp;<\/p>\n<p style=\"text-align: left;\">*&nbsp;Kehtib ainult uutele broneeringutele, mis on tehtud enne 29. veebruari 2024,<br \/>\njuhul kui peatumine kestab v\u00e4hemalt kaks \u00f6\u00f6d,&nbsp;ning kehtib majutuseks 30. aprillini 2024<br \/>\nPuhkusekrediit on toa ja peatumise kohta<\/p>\n<p style=\"text-align: left;\">&nbsp;<\/p>\n<p style=\"text-align: left;\">Broneerimiseks v\u00f5tke meiega \u00fchendust e-mailil&nbsp;<a href=\"mailto:info@padaste.ee\">info@padaste.ee<\/a>&nbsp;v\u00f5i helistage numbril +372 45 48 800<\/p>\n<p>&nbsp;<\/p>\n<p><a href=\"http:\/\/www.padaste.ee\/wp-content\/uploads\/2024\/02\/dscf4990.jpg\"><img loading=\"lazy\" class=\"alignnone wp-image-21248 size-full\" src=\"http:\/\/www.padaste.ee\/wp-content\/uploads\/2024\/02\/dscf4990.jpg\" alt=\"\" width=\"2000\" height=\"1333\" srcset=\"https:\/\/xn--pdaste-bua.ee\/wp-content\/uploads\/2024\/02\/dscf4990.jpg 2000w, https:\/\/xn--pdaste-bua.ee\/wp-content\/uploads\/2024\/02\/dscf4990-300x200.jpg 300w, https:\/\/xn--pdaste-bua.ee\/wp-content\/uploads\/2024\/02\/dscf4990-1024x682.jpg 1024w, https:\/\/xn--pdaste-bua.ee\/wp-content\/uploads\/2024\/02\/dscf4990-768x512.jpg 768w, https:\/\/xn--pdaste-bua.ee\/wp-content\/uploads\/2024\/02\/dscf4990-1536x1024.jpg 1536w, https:\/\/xn--pdaste-bua.ee\/wp-content\/uploads\/2024\/02\/dscf4990-24x16.jpg 24w, https:\/\/xn--pdaste-bua.ee\/wp-content\/uploads\/2024\/02\/dscf4990-36x24.jpg 36w, https:\/\/xn--pdaste-bua.ee\/wp-content\/uploads\/2024\/02\/dscf4990-48x32.jpg 48w\" sizes=\"(max-width: 2000px) 100vw, 2000px\" \/><\/a><\/p>\n","protected":false},"excerpt":{"rendered":"<p>Unistad ainulaadsest puhkusest P\u00e4daste M\u00f5isas kaunil kevadisel Muhu saarel? &nbsp; Tee oma broneering veebruaris ja kingime sulle &nbsp; 200 EUR puhkusekrediiti* &nbsp; Naudi kevadmeloodiaid ja P\u00e4daste M\u00f5isa tuntud k\u00fclalislahkust &nbsp; *&nbsp;Kehtib ainult uutele broneeringutele, mis on tehtud enne 29. veebruari 2024, juhul kui peatumine kestab v\u00e4hemalt kaks \u00f6\u00f6d,&nbsp;ning kehtib majutuseks 30. aprillini 2024 Puhkusekrediit on [&hellip;]<\/p>\n","protected":false},"author":56,"featured_media":0,"parent":0,"menu_order":164,"comment_status":"closed","ping_status":"closed","template":"","meta":{"ngg_post_thumbnail":0,"_links_to":"","_links_to_target":""},"yoast_head":"<!-- This site is optimized with the Yoast SEO plugin v16.1.1 - https:\/\/yoast.com\/wordpress\/plugins\/seo\/ -->\n<title>Turgutav kevadpuhkus -<\/title>\n<link rel=\"canonical\" href=\"https:\/\/xn--pdaste-bua.ee\/et\/turgutav-kevadpuhkus-2\/\" \/>\n<meta property=\"og:locale\" content=\"et_EE\" \/>\n<meta property=\"og:type\" content=\"article\" \/>\n<meta property=\"og:title\" content=\"Turgutav kevadpuhkus -\" \/>\n<meta property=\"og:description\" content=\"Unistad ainulaadsest puhkusest P\u00e4daste M\u00f5isas kaunil kevadisel Muhu saarel? &nbsp; Tee oma broneering veebruaris ja kingime sulle &nbsp; 200 EUR puhkusekrediiti* &nbsp; Naudi kevadmeloodiaid ja P\u00e4daste M\u00f5isa tuntud k\u00fclalislahkust &nbsp; *&nbsp;Kehtib ainult uutele broneeringutele, mis on tehtud enne 29. veebruari 2024, juhul kui peatumine kestab v\u00e4hemalt kaks \u00f6\u00f6d,&nbsp;ning kehtib majutuseks 30. aprillini 2024 Puhkusekrediit on [&hellip;]\" \/>\n<meta property=\"og:url\" content=\"https:\/\/xn--pdaste-bua.ee\/et\/turgutav-kevadpuhkus-2\/\" \/>\n<meta property=\"article:publisher\" content=\"https:\/\/www.facebook.com\/Padastemanor\/\" \/>\n<meta property=\"article:modified_time\" content=\"2025-06-27T11:07:24+00:00\" \/>\n<meta property=\"og:image\" content=\"http:\/\/www.padaste.ee\/wp-content\/uploads\/2024\/02\/dscf4990.jpg\" \/>\n<meta name=\"twitter:card\" content=\"summary_large_image\" \/>\n<meta name=\"twitter:label1\" content=\"Est. reading time\">\n\t<meta name=\"twitter:data1\" content=\"1 minut\">\n<script type=\"application\/ld+json\" class=\"yoast-schema-graph\">{\"@context\":\"https:\/\/schema.org\",\"@graph\":[{\"@type\":\"Organization\",\"@id\":\"https:\/\/www.padaste.ee\/et\/#organization\",\"name\":\"P\\u00e4daste M\\u00f5is\",\"url\":\"https:\/\/www.padaste.ee\/et\/\",\"sameAs\":[\"https:\/\/www.facebook.com\/Padastemanor\/\"],\"logo\":{\"@type\":\"ImageObject\",\"@id\":\"https:\/\/www.padaste.ee\/et\/#logo\",\"inLanguage\":\"et\",\"url\":\"https:\/\/padaste.ee\/wp-content\/uploads\/2018\/12\/padaste_2011.jpg\",\"contentUrl\":\"https:\/\/padaste.ee\/wp-content\/uploads\/2018\/12\/padaste_2011.jpg\",\"width\":154,\"height\":61,\"caption\":\"P\\u00e4daste M\\u00f5is\"},\"image\":{\"@id\":\"https:\/\/www.padaste.ee\/et\/#logo\"}},{\"@type\":\"WebSite\",\"@id\":\"https:\/\/www.padaste.ee\/et\/#website\",\"url\":\"https:\/\/www.padaste.ee\/et\/\",\"name\":\"\",\"description\":\"\",\"publisher\":{\"@id\":\"https:\/\/www.padaste.ee\/et\/#organization\"},\"potentialAction\":[{\"@type\":\"SearchAction\",\"target\":\"https:\/\/www.padaste.ee\/et\/?s={search_term_string}\",\"query-input\":\"required name=search_term_string\"}],\"inLanguage\":\"et\"},{\"@type\":\"ImageObject\",\"@id\":\"https:\/\/xn--pdaste-bua.ee\/et\/turgutav-kevadpuhkus-2\/#primaryimage\",\"inLanguage\":\"et\",\"url\":\"http:\/\/www.padaste.ee\/wp-content\/uploads\/2024\/02\/dscf4990.jpg\",\"contentUrl\":\"http:\/\/www.padaste.ee\/wp-content\/uploads\/2024\/02\/dscf4990.jpg\"},{\"@type\":\"WebPage\",\"@id\":\"https:\/\/xn--pdaste-bua.ee\/et\/turgutav-kevadpuhkus-2\/#webpage\",\"url\":\"https:\/\/xn--pdaste-bua.ee\/et\/turgutav-kevadpuhkus-2\/\",\"name\":\"Turgutav kevadpuhkus -\",\"isPartOf\":{\"@id\":\"https:\/\/www.padaste.ee\/et\/#website\"},\"primaryImageOfPage\":{\"@id\":\"https:\/\/xn--pdaste-bua.ee\/et\/turgutav-kevadpuhkus-2\/#primaryimage\"},\"datePublished\":\"2024-02-20T02:10:46+00:00\",\"dateModified\":\"2025-06-27T11:07:24+00:00\",\"breadcrumb\":{\"@id\":\"https:\/\/xn--pdaste-bua.ee\/et\/turgutav-kevadpuhkus-2\/#breadcrumb\"},\"inLanguage\":\"et\",\"potentialAction\":[{\"@type\":\"ReadAction\",\"target\":[\"https:\/\/xn--pdaste-bua.ee\/et\/turgutav-kevadpuhkus-2\/\"]}]},{\"@type\":\"BreadcrumbList\",\"@id\":\"https:\/\/xn--pdaste-bua.ee\/et\/turgutav-kevadpuhkus-2\/#breadcrumb\",\"itemListElement\":[{\"@type\":\"ListItem\",\"position\":1,\"item\":{\"@type\":\"WebPage\",\"@id\":\"https:\/\/www.padaste.ee\/et\/\",\"url\":\"https:\/\/www.padaste.ee\/et\/\",\"name\":\"Home\"}},{\"@type\":\"ListItem\",\"position\":2,\"item\":{\"@type\":\"WebPage\",\"@id\":\"https:\/\/xn--pdaste-bua.ee\/et\/turgutav-kevadpuhkus-2\/\",\"url\":\"https:\/\/xn--pdaste-bua.ee\/et\/turgutav-kevadpuhkus-2\/\",\"name\":\"Turgutav kevadpuhkus\"}}]}]}<\/script>\n<!-- \/ Yoast SEO plugin. -->","_links":{"self":[{"href":"https:\/\/xn--pdaste-bua.ee\/et\/wp-json\/wp\/v2\/pages\/21256"}],"collection":[{"href":"https:\/\/xn--pdaste-bua.ee\/et\/wp-json\/wp\/v2\/pages"}],"about":[{"href":"https:\/\/xn--pdaste-bua.ee\/et\/wp-json\/wp\/v2\/types\/page"}],"author":[{"embeddable":true,"href":"https:\/\/xn--pdaste-bua.ee\/et\/wp-json\/wp\/v2\/users\/56"}],"replies":[{"embeddable":true,"href":"https:\/\/xn--pdaste-bua.ee\/et\/wp-json\/wp\/v2\/comments?post=21256"}],"version-history":[{"count":2,"href":"https:\/\/xn--pdaste-bua.ee\/et\/wp-json\/wp\/v2\/pages\/21256\/revisions"}],"predecessor-version":[{"id":21259,"href":"https:\/\/xn--pdaste-bua.ee\/et\/wp-json\/wp\/v2\/pages\/21256\/revisions\/21259"}],"wp:attachment":[{"href":"https:\/\/xn--pdaste-bua.ee\/et\/wp-json\/wp\/v2\/media?parent=21256"}],"curies":[{"name":"wp","href":"https:\/\/api.w.org\/{rel}","templated":true}]}}