{"id":15273,"date":"2019-09-04T15:05:35","date_gmt":"2019-09-04T12:05:35","guid":{"rendered":"http:\/\/www.padaste.ee\/?page_id=15273"},"modified":"2019-09-19T16:11:16","modified_gmt":"2019-09-19T13:11:16","slug":"talvine-eripakkumine-muhu-saarel","status":"publish","type":"page","link":"https:\/\/xn--pdaste-bua.ee\/et\/eripakkumised\/talvine-eripakkumine-muhu-saarel\/","title":{"rendered":"Talvine eripakkumine Muhu saarel"},"content":{"rendered":"<p><img loading=\"lazy\" class=\"alignright wp-image-15235\" src=\"http:\/\/www.padaste.ee\/wp-content\/uploads\/2019\/08\/3080136560-1-177x300.jpg\" alt=\"\" width=\"320\" height=\"541\" srcset=\"https:\/\/xn--pdaste-bua.ee\/wp-content\/uploads\/2019\/08\/3080136560-1-177x300.jpg 177w, https:\/\/xn--pdaste-bua.ee\/wp-content\/uploads\/2019\/08\/3080136560-1-768x1299.jpg 768w, https:\/\/xn--pdaste-bua.ee\/wp-content\/uploads\/2019\/08\/3080136560-1-605x1024.jpg 605w, https:\/\/xn--pdaste-bua.ee\/wp-content\/uploads\/2019\/08\/3080136560-1-14x24.jpg 14w, https:\/\/xn--pdaste-bua.ee\/wp-content\/uploads\/2019\/08\/3080136560-1-21x36.jpg 21w, https:\/\/xn--pdaste-bua.ee\/wp-content\/uploads\/2019\/08\/3080136560-1-28x48.jpg 28w\" sizes=\"(max-width: 320px) 100vw, 320px\" \/><\/p>\n<h1 class=\"p1\"><span class=\"s1\" style=\"font-size: 20px; color: #ff0000;\">Imeline talvepakkumine P\u00e4dastes<\/span><\/h1>\n<p>&nbsp;<\/p>\n<p>&nbsp;<\/p>\n<p class=\"p1\"><span class=\"s1\">P\u00e4daste M\u00f5is kutsub teid nautima imelist talvepuhkust Muhu saarel <strong>27. detsember 2019 kuni 02. jaanuar 2020<\/strong> ning t\u00e4histama <strong>aastavahetust koos Curly Strings-iga 31. detsembril 2019<\/strong>.<\/span><\/p>\n<p>&nbsp;<\/p>\n<p><strong><a href=\"http:\/\/www.padaste.ee\/et\/event\/curling-into-20s\/\">Curling into 20&#8217;s &#8211; Aastavahetus koos Curly Strings-ga P\u00e4daste M\u00f5isas<\/a><\/strong><\/p>\n<p>&nbsp;<\/p>\n<p class=\"p1\"><span class=\"s1\">Sel talvel kutsuvad <strong>Chef de Cuisine Stefan Berwanger ja Chef P\u00e2tissier Achim Braitsch<\/strong> koos oma meeskonnaga teid nautima suurep\u00e4rast k\u00fclalislahkust.<\/span><\/p>\n<p>&nbsp;<\/p>\n<p class=\"p1\"><span class=\"s1\">Mitte ainult Alexander Restoran koos Peakoka \u00fchislauaga (v\u00f5imalus broneerida nii l\u00f5una- kui ka \u00f5htus\u00f6\u00f6ki), vaid ka meie auhinnatud Spa pakuvad teile meeldej\u00e4\u00e4va kogemuse. P\u00e4daste Spa teenuste hulka kuuluvad erinevad massaa\u017eid, hoolitsused, saunad ja kuum merevee t\u00f5rs P\u00e4daste lahel. Ning muidugi viime teid ka j\u00e4\u00e4kala p\u00fc\u00fcdma ja matkale \u00fcle j\u00e4ise P\u00e4daste lahe nii pea kui laht on j\u00e4\u00e4s.<\/span><\/p>\n<p>&nbsp;<\/p>\n<p>&nbsp;<\/p>\n<p class=\"p1\" style=\"text-align: center;\"><strong><span class=\"s1\" style=\"color: #ff0000;\">27. detsember 2019 kuni 02. jaanuar 2020<\/span><\/strong><\/p>\n<p>&nbsp;<\/p>\n<p>&nbsp;<\/p>\n<p class=\"p1\"><strong><span class=\"s1\">Imeline talvepakkumine sisaldab<\/span><\/strong><\/p>\n<p>&nbsp;<\/p>\n<ul>\n<li class=\"p1\"><span class=\"s1\">Tervitusjook saabumisel ning toas ootamas valik P\u00e4daste Gourmet h\u00f5rgutisi<\/span><\/li>\n<li class=\"p1\">Kaks \u00f6\u00f6d majutust P\u00e4daste M\u00f5isas<\/li>\n<li class=\"p1\">Saarte Degustatsioonimen\u00fc\u00fc saabumis\u00f5htul<\/li>\n<li class=\"p1\">3-k\u00e4iguline Table d\u2019H\u00f4te men\u00fc\u00fc teisel \u00f5htul<\/li>\n<li class=\"p1\">2-k\u00e4iguline l\u00f5unas\u00f6\u00f6k<\/li>\n<\/ul>\n<p>&nbsp;<\/p>\n<p class=\"p1\"><strong><span class=\"s1\">Hind alates 479 eur k\u00fclalise kohta<\/span><\/strong><\/p>\n<p class=\"p1\"><em><span class=\"s1\">Lisatasu aastavahetuse \u00fcritusele koos Curly Stringsi ja terve \u00f5htu meelelahutusega 190 eur k\u00fclalise kohta<\/span><\/em><\/p>\n<p>&nbsp;<\/p>\n<p>&nbsp;<\/p>\n<p class=\"p1\"><strong><a href=\"http:\/\/www.padaste.ee\/et\/eripakkumised\/talvine-eripakkumine-muhu-saarel\/talvepakkumise-detailid\/\"><span class=\"s1\">Talvepakkumise hinnad ja detailid<\/span><\/a><\/strong><\/p>\n<p>&nbsp;<\/p>\n<p class=\"p1\"><span class=\"s1\">Broneerimiseks v\u00f5tke meiega \u00fchendust emailil <a href=\"mailto:info@padaste.ee?subject=Talvepakkumine P\u00e4dastes\"><span class=\"s2\">info@padaste.ee<\/span><\/a> v\u00f5i helistage numbril +372 45 48 800.<\/span><\/p>\n<p>&nbsp;<\/p>\n<p>&nbsp;<\/p>\n<p><img loading=\"lazy\" class=\"alignright wp-image-15232\" src=\"http:\/\/www.padaste.ee\/wp-content\/uploads\/2019\/08\/4419167613-300x200.jpg\" alt=\"\" width=\"330\" height=\"220\" srcset=\"https:\/\/xn--pdaste-bua.ee\/wp-content\/uploads\/2019\/08\/4419167613-300x200.jpg 300w, https:\/\/xn--pdaste-bua.ee\/wp-content\/uploads\/2019\/08\/4419167613-768x512.jpg 768w, https:\/\/xn--pdaste-bua.ee\/wp-content\/uploads\/2019\/08\/4419167613-1024x683.jpg 1024w, https:\/\/xn--pdaste-bua.ee\/wp-content\/uploads\/2019\/08\/4419167613-24x16.jpg 24w, https:\/\/xn--pdaste-bua.ee\/wp-content\/uploads\/2019\/08\/4419167613-36x24.jpg 36w, https:\/\/xn--pdaste-bua.ee\/wp-content\/uploads\/2019\/08\/4419167613-48x32.jpg 48w\" sizes=\"(max-width: 330px) 100vw, 330px\" \/><\/p>\n<p class=\"p1\"><span style=\"color: #ff0000;\"><strong><span class=\"s1\">Soovitused imeliseks puhkuseks Muhu saarel:<\/span><\/strong><\/span><\/p>\n<p>&nbsp;<\/p>\n<ul>\n<li class=\"p1\"><span class=\"s1\">J\u00e4\u00e4kalastamine P\u00e4daste lahel<\/span><\/li>\n<li class=\"p1\">Matk \u00fcle P\u00e4daste lahe Armastuse saarele<\/li>\n<li class=\"p1\">Vana Muhu traditsiooniliste ravimtaimede hoolitsused &#8211; soovitame Kuuma merevee t\u00f5rt P\u00e4daste lahel<\/li>\n<li class=\"p1\">Kaariku s\u00f5it l\u00e4bi metsade ja \u00fcle p\u00f5ldude<\/li>\n<li class=\"p1\">Igap\u00e4evane talvel\u00f5ke koos kokteilidega<\/li>\n<li class=\"p1\">Saarte Degustatsioonimen\u00fc\u00fc Alexander Restoran peakoka \u00fchislauas<\/li>\n<li class=\"p1\">Talvine ujumine ja Muhu saun<\/li>\n<\/ul>\n<p>&nbsp;<\/p>\n<style id=\"bwg-style-0\">    #bwg_container1_0 #bwg_container2_0 .bwg-container-0.bwg-standard-thumbnails {      width: 1354px;              justify-content: center;        margin:0 auto !important;              background-color: rgba(255, 255, 255, 0.00);            padding-left: 4px;      padding-top: 4px;      max-width: 100%;            }        #bwg_container1_0 #bwg_container2_0 .bwg-container-0.bwg-standard-thumbnails .bwg-item {      justify-content: flex-start;      max-width: 270px;            width: 270px !important;          }    #bwg_container1_0 #bwg_container2_0 .bwg-container-0.bwg-standard-thumbnails .bwg-item > a {       margin-right: 4px;       margin-bottom: 4px;    }    #bwg_container1_0 #bwg_container2_0 .bwg-container-0.bwg-standard-thumbnails .bwg-item0 {      padding: 0px;            background-color:rgba(255,255,255, 0.30);      border: 0px none #CCCCCC;      opacity: 1.00;      border-radius: 0;      box-shadow: 0px 0px 0px #888888;    }    #bwg_container1_0 #bwg_container2_0 .bwg-container-0.bwg-standard-thumbnails .bwg-item1 img {      max-height: none;      max-width: none;      padding: 0 !important;    }        @media only screen and (min-width: 480px) {      #bwg_container1_0 #bwg_container2_0 .bwg-container-0.bwg-standard-thumbnails .bwg-item0 {        transition: all 0.3s ease 0s;-webkit-transition: all 0.3s ease 0s;      }      #bwg_container1_0 #bwg_container2_0 .bwg-container-0.bwg-standard-thumbnails .bwg-item0:hover {        -ms-transform: scale(1.1);        -webkit-transform: scale(1.1);        transform: scale(1.1);      }    }          #bwg_container1_0 #bwg_container2_0 .bwg-container-0.bwg-standard-thumbnails .bwg-item1 {      padding-top: 66.6666666667%;    }        #bwg_container1_0 #bwg_container2_0 .bwg-container-0.bwg-standard-thumbnails .bwg-title2,    #bwg_container1_0 #bwg_container2_0 .bwg-container-0.bwg-standard-thumbnails .bwg-ecommerce2 {      color: #CCCCCC;      font-family: segoe ui;      font-size: 16px;      font-weight: bold;      padding: 2px;      text-shadow: 0px 0px 0px #888888;      max-height: 100%;    }    #bwg_container1_0 #bwg_container2_0 .bwg-container-0.bwg-standard-thumbnails .bwg-thumb-description span {    color: #323A45;    font-family: Ubuntu;    font-size: 12px;    max-height: 100%;    word-wrap: break-word;    }    #bwg_container1_0 #bwg_container2_0 .bwg-container-0.bwg-standard-thumbnails .bwg-play-icon2 {      font-size: 32px;    }    #bwg_container1_0 #bwg_container2_0 .bwg-container-0.bwg-standard-thumbnails .bwg-ecommerce2 {      font-size: 19.2px;      color: #CCCCCC;    }    <\/style>    <div id=\"bwg_container1_0\"         class=\"bwg_container bwg_thumbnail bwg_thumbnails\"         data-right-click-protection=\"0\"         data-bwg=\"0\"         data-gallery-type=\"thumbnails\"         data-current-url=\"https:\/\/xn--pdaste-bua.ee\/et\/wp-json\/wp\/v2\/pages\/15273\"         data-lightbox-url=\"https:\/\/xn--pdaste-bua.ee\/wp-admin\/admin-ajax.php?action=GalleryBox&current_view=0&gallery_id=27&tag=0&theme_id=1&shortcode_id=89&sort_by=order&order_by=asc&current_url=https%3A%2F%2Fxn--pdaste-bua.ee%2Fet%2Fwp-json%2Fwp%2Fv2%2Fpages%2F15273\"         data-gallery-id=\"27\"         data-popup-width=\"1200\"         data-popup-height=\"800\"         data-is-album=\"gallery\"         data-buttons-position=\"bottom\">      <div id=\"bwg_container2_0\">             <div id=\"ajax_loading_0\" class=\"bwg_loading_div_1\">      <div class=\"bwg_loading_div_2\">        <div class=\"bwg_loading_div_3\">          <div id=\"loading_div_0\" class=\"bwg_spider_ajax_loading\">          <\/div>        <\/div>      <\/div>    <\/div>            <form id=\"gal_front_form_0\"              class=\"bwg-hidden\"              method=\"post\"              action=\"#\"              data-current=\"0\"              data-shortcode-id=\"89\"              data-gallery-type=\"thumbnails\"              data-gallery-id=\"27\"              data-tag=\"0\"              data-album-id=\"0\"              data-theme-id=\"1\"              data-ajax-url=\"https:\/\/xn--pdaste-bua.ee\/wp-admin\/admin-ajax.php?action=bwg_frontend_data\">          <div id=\"bwg_container3_0\" class=\"bwg-background bwg-background-0\">                <div data-max-count=\"5\"         data-thumbnail-width=\"270\"         data-bwg=\"0\"         data-gallery-id=\"27\"         data-lightbox-url=\"https:\/\/xn--pdaste-bua.ee\/wp-admin\/admin-ajax.php?action=GalleryBox&current_view=0&gallery_id=27&tag=0&theme_id=1&shortcode_id=89&sort_by=order&order_by=asc&current_url=https%3A%2F%2Fxn--pdaste-bua.ee%2Fet%2Fwp-json%2Fwp%2Fv2%2Fpages%2F15273\"         id=\"bwg_thumbnails_0\"         class=\"bwg-container-0 bwg-thumbnails bwg-standard-thumbnails bwg-container bwg-border-box\">            <div class=\"bwg-item\">        <a class=\"bwg-a bwg_lightbox\"  data-image-id=\"190\" href=\"https:\/\/xn--pdaste-bua.ee\/wp-content\/uploads\/photo-gallery\/3079941292.jpg\" data-elementor-open-lightbox=\"no\" >                <div class=\"bwg-item0 \">          <div class=\"bwg-item1 \">            <div class=\"bwg-item2\">              <img class=\"skip-lazy bwg_standart_thumb_img_0 \"                   data-id=\"190\"                   data-width=\"\"                   data-height=\"\"                   data-original=\"https:\/\/xn--pdaste-bua.ee\/wp-content\/uploads\/photo-gallery\/thumb\/3079941292.jpg\"                   src=\"https:\/\/xn--pdaste-bua.ee\/wp-content\/uploads\/photo-gallery\/thumb\/3079941292.jpg\"                   alt=\"3079941292\" \/>            <\/div>            <div class=\"\">                                                      <\/div>          <\/div>        <\/div>                                <\/a>      <\/div>            <div class=\"bwg-item\">        <a class=\"bwg-a bwg_lightbox\"  data-image-id=\"188\" href=\"https:\/\/xn--pdaste-bua.ee\/wp-content\/uploads\/photo-gallery\/3714202205.jpg\" data-elementor-open-lightbox=\"no\" >                <div class=\"bwg-item0 \">          <div class=\"bwg-item1 \">            <div class=\"bwg-item2\">              <img class=\"skip-lazy bwg_standart_thumb_img_0 \"                   data-id=\"188\"                   data-width=\"\"                   data-height=\"\"                   data-original=\"https:\/\/xn--pdaste-bua.ee\/wp-content\/uploads\/photo-gallery\/thumb\/3714202205.jpg\"                   src=\"https:\/\/xn--pdaste-bua.ee\/wp-content\/uploads\/photo-gallery\/thumb\/3714202205.jpg\"                   alt=\"3714202205\" \/>            <\/div>            <div class=\"\">                                                      <\/div>          <\/div>        <\/div>                                <\/a>      <\/div>            <div class=\"bwg-item\">        <a class=\"bwg-a bwg_lightbox\"  data-image-id=\"191\" href=\"https:\/\/xn--pdaste-bua.ee\/wp-content\/uploads\/photo-gallery\/3079981974.jpg\" data-elementor-open-lightbox=\"no\" >                <div class=\"bwg-item0 \">          <div class=\"bwg-item1 \">            <div class=\"bwg-item2\">              <img class=\"skip-lazy bwg_standart_thumb_img_0 \"                   data-id=\"191\"                   data-width=\"\"                   data-height=\"\"                   data-original=\"https:\/\/xn--pdaste-bua.ee\/wp-content\/uploads\/photo-gallery\/thumb\/3079981974.jpg\"                   src=\"https:\/\/xn--pdaste-bua.ee\/wp-content\/uploads\/photo-gallery\/thumb\/3079981974.jpg\"                   alt=\"3079981974\" \/>            <\/div>            <div class=\"\">                                                      <\/div>          <\/div>        <\/div>                                <\/a>      <\/div>            <div class=\"bwg-item\">        <a class=\"bwg-a bwg_lightbox\"  data-image-id=\"189\" href=\"https:\/\/xn--pdaste-bua.ee\/wp-content\/uploads\/photo-gallery\/IMGL1242_fullsize_fotograaf.lauri.laan.jpg\" data-elementor-open-lightbox=\"no\" >                <div class=\"bwg-item0 \">          <div class=\"bwg-item1 \">            <div class=\"bwg-item2\">              <img class=\"skip-lazy bwg_standart_thumb_img_0 \"                   data-id=\"189\"                   data-width=\"\"                   data-height=\"\"                   data-original=\"https:\/\/xn--pdaste-bua.ee\/wp-content\/uploads\/photo-gallery\/thumb\/IMGL1242_fullsize_fotograaf.lauri.laan.jpg\"                   src=\"https:\/\/xn--pdaste-bua.ee\/wp-content\/uploads\/photo-gallery\/thumb\/IMGL1242_fullsize_fotograaf.lauri.laan.jpg\"                   alt=\"IMGL1242 fullsize fotograaf.lauri.laan\" \/>            <\/div>            <div class=\"\">                                                      <\/div>          <\/div>        <\/div>                                <\/a>      <\/div>            <div class=\"bwg-item\">        <a class=\"bwg-a bwg_lightbox\"  data-image-id=\"192\" href=\"https:\/\/xn--pdaste-bua.ee\/wp-content\/uploads\/photo-gallery\/3191368864.jpg\" data-elementor-open-lightbox=\"no\" >                <div class=\"bwg-item0 \">          <div class=\"bwg-item1 \">            <div class=\"bwg-item2\">              <img class=\"skip-lazy bwg_standart_thumb_img_0 \"                   data-id=\"192\"                   data-width=\"\"                   data-height=\"\"                   data-original=\"https:\/\/xn--pdaste-bua.ee\/wp-content\/uploads\/photo-gallery\/thumb\/3191368864.jpg\"                   src=\"https:\/\/xn--pdaste-bua.ee\/wp-content\/uploads\/photo-gallery\/thumb\/3191368864.jpg\"                   alt=\"3191368864\" \/>            <\/div>            <div class=\"\">                                                      <\/div>          <\/div>        <\/div>                                <\/a>      <\/div>            <div class=\"bwg-item\">        <a class=\"bwg-a bwg_lightbox\"  data-image-id=\"187\" href=\"https:\/\/xn--pdaste-bua.ee\/wp-content\/uploads\/photo-gallery\/IMGL7384_fullsize_fotograaf.lauri.laan.jpg\" data-elementor-open-lightbox=\"no\" >                <div class=\"bwg-item0 \">          <div class=\"bwg-item1 \">            <div class=\"bwg-item2\">              <img class=\"skip-lazy bwg_standart_thumb_img_0 \"                   data-id=\"187\"                   data-width=\"\"                   data-height=\"\"                   data-original=\"https:\/\/xn--pdaste-bua.ee\/wp-content\/uploads\/photo-gallery\/thumb\/IMGL7384_fullsize_fotograaf.lauri.laan.jpg\"                   src=\"https:\/\/xn--pdaste-bua.ee\/wp-content\/uploads\/photo-gallery\/thumb\/IMGL7384_fullsize_fotograaf.lauri.laan.jpg\"                   alt=\"IMGL7384 fullsize fotograaf.lauri.laan\" \/>            <\/div>            <div class=\"\">                                                      <\/div>          <\/div>        <\/div>                                <\/a>      <\/div>          <\/div>              <\/div>        <\/form>          <style>          #bwg_container1_0 #bwg_container2_0 #spider_popup_overlay_0 {          background-color: #000000;          opacity: 0.70;          }          <\/style>        <div id=\"bwg_spider_popup_loading_0\" class=\"bwg_spider_popup_loading\"><\/div>        <div id=\"spider_popup_overlay_0\" class=\"spider_popup_overlay\" onclick=\"spider_destroypopup(1000)\"><\/div>        <input type=\"hidden\" id=\"bwg_random_seed_0\" value=\"802480405\">                <\/div>    <\/div>    <script>      if (document.readyState === 'complete') {        if( typeof bwg_main_ready == 'function' ) {          if ( jQuery(\"#bwg_container1_0\").height() ) {            bwg_main_ready(jQuery(\"#bwg_container1_0\"));          }        }      } else {        document.addEventListener('DOMContentLoaded', function() {          if( typeof bwg_main_ready == 'function' ) {            if ( jQuery(\"#bwg_container1_0\").height() ) {             bwg_main_ready(jQuery(\"#bwg_container1_0\"));            }          }        });      }    <\/script>    \n","protected":false},"excerpt":{"rendered":"<p>Imeline talvepakkumine P\u00e4dastes &nbsp; &nbsp; P\u00e4daste M\u00f5is kutsub teid nautima imelist talvepuhkust Muhu saarel 27. detsember 2019 kuni 02. jaanuar 2020 ning t\u00e4histama aastavahetust koos Curly Strings-iga 31. detsembril 2019. &nbsp; Curling into 20&#8217;s &#8211; Aastavahetus koos Curly Strings-ga P\u00e4daste M\u00f5isas &nbsp; Sel talvel kutsuvad Chef de Cuisine Stefan Berwanger ja Chef P\u00e2tissier Achim Braitsch [&hellip;]<\/p>\n","protected":false},"author":52,"featured_media":15233,"parent":8975,"menu_order":0,"comment_status":"closed","ping_status":"closed","template":"","meta":{"ngg_post_thumbnail":0,"_links_to":"","_links_to_target":""},"yoast_head":"<!-- This site is optimized with the Yoast SEO plugin v16.1.1 - https:\/\/yoast.com\/wordpress\/plugins\/seo\/ -->\n<title>Talvine eripakkumine Muhu saarel -<\/title>\n<meta name=\"description\" content=\"P\u00e4daste M\u00f5is kutsub teid nautima imelist talvepuhkust ja aastavahetuse pidu Muhu saarel. Aastavahetuse peo erik\u00fclaliseks Curly Strings!\" \/>\n<link rel=\"canonical\" href=\"https:\/\/padaste.ee\/et\/eripakkumised\/talvine-eripakkumine-muhu-saarel\/\" \/>\n<meta property=\"og:locale\" content=\"et_EE\" \/>\n<meta property=\"og:type\" content=\"article\" \/>\n<meta property=\"og:title\" content=\"Talvine eripakkumine Muhu saarel -\" \/>\n<meta property=\"og:description\" content=\"P\u00e4daste M\u00f5is kutsub teid nautima imelist talvepuhkust ja aastavahetuse pidu Muhu saarel. Aastavahetuse peo erik\u00fclaliseks Curly Strings!\" \/>\n<meta property=\"og:url\" content=\"https:\/\/padaste.ee\/et\/eripakkumised\/talvine-eripakkumine-muhu-saarel\/\" \/>\n<meta property=\"article:publisher\" content=\"https:\/\/www.facebook.com\/Padastemanor\/\" \/>\n<meta property=\"article:modified_time\" content=\"2019-09-19T13:11:16+00:00\" \/>\n<meta property=\"og:image\" content=\"https:\/\/xn--pdaste-bua.ee\/wp-content\/uploads\/2019\/08\/3079941292-1024x683.jpg\" \/>\n\t<meta property=\"og:image:width\" content=\"1024\" \/>\n\t<meta property=\"og:image:height\" content=\"683\" \/>\n<meta name=\"twitter:card\" content=\"summary_large_image\" \/>\n<meta name=\"twitter:label1\" content=\"Est. reading time\">\n\t<meta name=\"twitter:data1\" content=\"1 minut\">\n<script type=\"application\/ld+json\" class=\"yoast-schema-graph\">{\"@context\":\"https:\/\/schema.org\",\"@graph\":[{\"@type\":\"Organization\",\"@id\":\"https:\/\/xn--pdaste-bua.ee\/#organization\",\"name\":\"P\\u00e4daste M\\u00f5is\",\"url\":\"https:\/\/xn--pdaste-bua.ee\/\",\"sameAs\":[\"https:\/\/www.facebook.com\/Padastemanor\/\"],\"logo\":{\"@type\":\"ImageObject\",\"@id\":\"https:\/\/xn--pdaste-bua.ee\/#logo\",\"inLanguage\":\"et\",\"url\":\"https:\/\/padaste.ee\/wp-content\/uploads\/2018\/12\/padaste_2011.jpg\",\"contentUrl\":\"https:\/\/padaste.ee\/wp-content\/uploads\/2018\/12\/padaste_2011.jpg\",\"width\":154,\"height\":61,\"caption\":\"P\\u00e4daste M\\u00f5is\"},\"image\":{\"@id\":\"https:\/\/xn--pdaste-bua.ee\/#logo\"}},{\"@type\":\"WebSite\",\"@id\":\"https:\/\/xn--pdaste-bua.ee\/#website\",\"url\":\"https:\/\/xn--pdaste-bua.ee\/\",\"name\":\"\",\"description\":\"\",\"publisher\":{\"@id\":\"https:\/\/xn--pdaste-bua.ee\/#organization\"},\"potentialAction\":[{\"@type\":\"SearchAction\",\"target\":\"https:\/\/xn--pdaste-bua.ee\/?s={search_term_string}\",\"query-input\":\"required name=search_term_string\"}],\"inLanguage\":\"et\"},{\"@type\":\"ImageObject\",\"@id\":\"https:\/\/padaste.ee\/et\/eripakkumised\/talvine-eripakkumine-muhu-saarel\/#primaryimage\",\"inLanguage\":\"et\",\"url\":\"https:\/\/xn--pdaste-bua.ee\/wp-content\/uploads\/2019\/08\/3079941292.jpg\",\"contentUrl\":\"https:\/\/xn--pdaste-bua.ee\/wp-content\/uploads\/2019\/08\/3079941292.jpg\",\"width\":5616,\"height\":3744},{\"@type\":\"WebPage\",\"@id\":\"https:\/\/padaste.ee\/et\/eripakkumised\/talvine-eripakkumine-muhu-saarel\/#webpage\",\"url\":\"https:\/\/padaste.ee\/et\/eripakkumised\/talvine-eripakkumine-muhu-saarel\/\",\"name\":\"Talvine eripakkumine Muhu saarel -\",\"isPartOf\":{\"@id\":\"https:\/\/xn--pdaste-bua.ee\/#website\"},\"primaryImageOfPage\":{\"@id\":\"https:\/\/padaste.ee\/et\/eripakkumised\/talvine-eripakkumine-muhu-saarel\/#primaryimage\"},\"datePublished\":\"2019-09-04T12:05:35+00:00\",\"dateModified\":\"2019-09-19T13:11:16+00:00\",\"description\":\"P\\u00e4daste M\\u00f5is kutsub teid nautima imelist talvepuhkust ja aastavahetuse pidu Muhu saarel. Aastavahetuse peo erik\\u00fclaliseks Curly Strings!\",\"breadcrumb\":{\"@id\":\"https:\/\/padaste.ee\/et\/eripakkumised\/talvine-eripakkumine-muhu-saarel\/#breadcrumb\"},\"inLanguage\":\"et\",\"potentialAction\":[{\"@type\":\"ReadAction\",\"target\":[\"https:\/\/padaste.ee\/et\/eripakkumised\/talvine-eripakkumine-muhu-saarel\/\"]}]},{\"@type\":\"BreadcrumbList\",\"@id\":\"https:\/\/padaste.ee\/et\/eripakkumised\/talvine-eripakkumine-muhu-saarel\/#breadcrumb\",\"itemListElement\":[{\"@type\":\"ListItem\",\"position\":1,\"item\":{\"@type\":\"WebPage\",\"@id\":\"https:\/\/xn--pdaste-bua.eu\/et\/\",\"url\":\"https:\/\/xn--pdaste-bua.eu\/et\/\",\"name\":\"Home\"}},{\"@type\":\"ListItem\",\"position\":2,\"item\":{\"@type\":\"WebPage\",\"@id\":\"https:\/\/www.xn--pdaste-bua.ee\/et\/eripakkumised\/\",\"url\":\"https:\/\/www.xn--pdaste-bua.ee\/et\/eripakkumised\/\",\"name\":\"Eripakkumised\"}},{\"@type\":\"ListItem\",\"position\":3,\"item\":{\"@type\":\"WebPage\",\"@id\":\"https:\/\/padaste.ee\/et\/eripakkumised\/talvine-eripakkumine-muhu-saarel\/\",\"url\":\"https:\/\/padaste.ee\/et\/eripakkumised\/talvine-eripakkumine-muhu-saarel\/\",\"name\":\"Talvine eripakkumine Muhu saarel\"}}]}]}<\/script>\n<!-- \/ Yoast SEO plugin. -->","_links":{"self":[{"href":"https:\/\/xn--pdaste-bua.ee\/et\/wp-json\/wp\/v2\/pages\/15273"}],"collection":[{"href":"https:\/\/xn--pdaste-bua.ee\/et\/wp-json\/wp\/v2\/pages"}],"about":[{"href":"https:\/\/xn--pdaste-bua.ee\/et\/wp-json\/wp\/v2\/types\/page"}],"author":[{"embeddable":true,"href":"https:\/\/xn--pdaste-bua.ee\/et\/wp-json\/wp\/v2\/users\/52"}],"replies":[{"embeddable":true,"href":"https:\/\/xn--pdaste-bua.ee\/et\/wp-json\/wp\/v2\/comments?post=15273"}],"version-history":[{"count":11,"href":"https:\/\/xn--pdaste-bua.ee\/et\/wp-json\/wp\/v2\/pages\/15273\/revisions"}],"predecessor-version":[{"id":15410,"href":"https:\/\/xn--pdaste-bua.ee\/et\/wp-json\/wp\/v2\/pages\/15273\/revisions\/15410"}],"up":[{"embeddable":true,"href":"https:\/\/xn--pdaste-bua.ee\/et\/wp-json\/wp\/v2\/pages\/8975"}],"wp:featuredmedia":[{"embeddable":true,"href":"https:\/\/xn--pdaste-bua.ee\/et\/wp-json\/wp\/v2\/media\/15233"}],"wp:attachment":[{"href":"https:\/\/xn--pdaste-bua.ee\/et\/wp-json\/wp\/v2\/media?parent=15273"}],"curies":[{"name":"wp","href":"https:\/\/api.w.org\/{rel}","templated":true}]}}