{"id":12278,"date":"2018-03-13T16:59:42","date_gmt":"2018-03-13T14:59:42","guid":{"rendered":"http:\/\/www.padaste.ee\/?page_id=12278"},"modified":"2022-11-09T19:18:29","modified_gmt":"2022-11-09T19:18:29","slug":"hoogne","status":"publish","type":"page","link":"https:\/\/xn--pdaste-bua.ee\/et\/puhkehetked\/hoogne\/","title":{"rendered":"Hoogne"},"content":{"rendered":"<h1><span style=\"font-size: 18px; color: #ff0000;\">Ratsamatk m\u00f6\u00f6da Muhumaa p\u00f5ldusid ja metsasid koos imelise piknikuga<a href=\"http:\/\/www.padaste.ee\/wp-content\/uploads\/2022\/11\/kristhel-vaht_tihuse-hobuturismi-talu2-scaled.jpg\"><img loading=\"lazy\" class=\"size-medium wp-image-19108 alignright\" src=\"http:\/\/www.padaste.ee\/wp-content\/uploads\/2022\/11\/kristhel-vaht_tihuse-hobuturismi-talu2-300x200.jpg\" alt=\"\" width=\"300\" height=\"200\" srcset=\"https:\/\/xn--pdaste-bua.ee\/wp-content\/uploads\/2022\/11\/kristhel-vaht_tihuse-hobuturismi-talu2-300x200.jpg 300w, https:\/\/xn--pdaste-bua.ee\/wp-content\/uploads\/2022\/11\/kristhel-vaht_tihuse-hobuturismi-talu2-1024x683.jpg 1024w, https:\/\/xn--pdaste-bua.ee\/wp-content\/uploads\/2022\/11\/kristhel-vaht_tihuse-hobuturismi-talu2-768x513.jpg 768w, https:\/\/xn--pdaste-bua.ee\/wp-content\/uploads\/2022\/11\/kristhel-vaht_tihuse-hobuturismi-talu2-1536x1025.jpg 1536w, https:\/\/xn--pdaste-bua.ee\/wp-content\/uploads\/2022\/11\/kristhel-vaht_tihuse-hobuturismi-talu2-2048x1367.jpg 2048w, https:\/\/xn--pdaste-bua.ee\/wp-content\/uploads\/2022\/11\/kristhel-vaht_tihuse-hobuturismi-talu2-24x16.jpg 24w, https:\/\/xn--pdaste-bua.ee\/wp-content\/uploads\/2022\/11\/kristhel-vaht_tihuse-hobuturismi-talu2-36x24.jpg 36w, https:\/\/xn--pdaste-bua.ee\/wp-content\/uploads\/2022\/11\/kristhel-vaht_tihuse-hobuturismi-talu2-48x32.jpg 48w\" sizes=\"(max-width: 300px) 100vw, 300px\" \/><\/a><\/span><\/h1>\n<p>Muhumaa p\u00f5llud ja metsad on siiamaani puutumata, \u00fcsnagi haruldane t\u00e4nap\u00e4eva maailmas. Kutsume teid avastama meie loodust hobusel. Ratsamatkad on juhendatud ning sobilikud nii kogenenud kui ka mitte nii kogenenud s\u00f5itjatele. Id\u00fclliliseks l\u00f5unas\u00f6\u00f6kiks oleme valmistanud Baroni pikniku korvi, mida nautida Muhumaa p\u00f5ldudel, v\u00f5i buffee \u00fcksikul rannal.<\/p>\n<p>&nbsp;<\/p>\n<p><a href=\"http:\/\/www.padaste.ee\/wp-content\/uploads\/2018\/02\/fullsizerender-5.jpg\"><img loading=\"lazy\" class=\"alignright wp-image-11710 size-medium\" src=\"http:\/\/www.padaste.ee\/wp-content\/uploads\/2018\/02\/fullsizerender-5-300x225.jpg\" alt=\"\" width=\"300\" height=\"225\" srcset=\"https:\/\/xn--pdaste-bua.ee\/wp-content\/uploads\/2018\/02\/fullsizerender-5-300x225.jpg 300w, https:\/\/xn--pdaste-bua.ee\/wp-content\/uploads\/2018\/02\/fullsizerender-5-768x576.jpg 768w, https:\/\/xn--pdaste-bua.ee\/wp-content\/uploads\/2018\/02\/fullsizerender-5-1024x768.jpg 1024w, https:\/\/xn--pdaste-bua.ee\/wp-content\/uploads\/2018\/02\/fullsizerender-5-24x18.jpg 24w, https:\/\/xn--pdaste-bua.ee\/wp-content\/uploads\/2018\/02\/fullsizerender-5-36x27.jpg 36w, https:\/\/xn--pdaste-bua.ee\/wp-content\/uploads\/2018\/02\/fullsizerender-5-48x36.jpg 48w\" sizes=\"(max-width: 300px) 100vw, 300px\" \/><\/a><\/p>\n<p>&nbsp;<\/p>\n<h1><span style=\"font-size: 18px; color: #ff0000;\">Avasta P\u00e4dastet kanuuga<\/span><\/h1>\n<p>Avasta suurep\u00e4rast Muhu saart kanuuga. P\u00e4daste laht on piisavalt v\u00e4ike avastamaks \u00fcmbritsevaid v\u00e4ikseid saarekesi v\u00f5i jalutamaks Armastuse saarel.<\/p>\n<p>&nbsp;<\/p>\n<p>&nbsp;<\/p>\n<p><a href=\"http:\/\/www.padaste.ee\/wp-content\/uploads\/2018\/02\/heli1.jpg\"><img loading=\"lazy\" class=\"alignright wp-image-11711 size-medium\" src=\"http:\/\/www.padaste.ee\/wp-content\/uploads\/2018\/02\/heli1-300x225.jpg\" alt=\"\" width=\"300\" height=\"225\" srcset=\"https:\/\/xn--pdaste-bua.ee\/wp-content\/uploads\/2018\/02\/heli1-300x225.jpg 300w, https:\/\/xn--pdaste-bua.ee\/wp-content\/uploads\/2018\/02\/heli1-768x576.jpg 768w, https:\/\/xn--pdaste-bua.ee\/wp-content\/uploads\/2018\/02\/heli1-1024x768.jpg 1024w, https:\/\/xn--pdaste-bua.ee\/wp-content\/uploads\/2018\/02\/heli1-24x18.jpg 24w, https:\/\/xn--pdaste-bua.ee\/wp-content\/uploads\/2018\/02\/heli1-36x27.jpg 36w, https:\/\/xn--pdaste-bua.ee\/wp-content\/uploads\/2018\/02\/heli1-48x36.jpg 48w\" sizes=\"(max-width: 300px) 100vw, 300px\" \/><\/a><\/p>\n<p>&nbsp;<\/p>\n<h1><span style=\"font-size: 18px; color: #ff0000;\">Avasta Muhu saare puutumata laidusid helikopteriga<\/span><\/h1>\n<p>Muhu saare \u00fcmbruses asub mitmeid puutumata laidusid ja saari, kuhu igap\u00e4evaselt ligi ei p\u00e4\u00e4se. Avasta puutumata saari koos romantilise piknikuga.<\/p>\n<p>&nbsp;<\/p>\n<p>&nbsp;<\/p>\n<h1><span style=\"font-size: 18px; color: #ff0000;\">Jahilk\u00e4ik<\/span><\/h1>\n<p>Nii m\u00f5nigi kunagi haritud p\u00f5llumaa on n\u00fc\u00fcdseks taas metsistunud, Muhumaa \u00fcrgne loodus on taastumas. Saar on looduslikuks ja meelep\u00e4raseks elupaigaks metskuldile, hirvedele, j\u00e4nestele, rebastele. Niisamuti on P\u00e4daste laht hooaegadel t\u00f5eline tiivuliste paradiis \u2013 siin pesitseb rohkelt metshanesid ja parte. P\u00e4daste poolt korraldatavad jahiretked toimuvad koost\u00f6\u00f6s kohalike jahimeestega.<\/p>\n<p>&nbsp;<\/p>\n<p>&nbsp;<\/p>\n<p>&nbsp;<\/p>\n<p>K\u00f5ik pakutavad puhkehetked organiseeritakse eraldi vastavalt soovile; pakkumise l\u00f5plik hind ja kinnitus s\u00f5ltub kuup\u00e4evast ning k\u00fclaliste arvust.<\/p>\n<p>&nbsp;<\/p>\n<p>Lisainformatsiooniks v\u00f5tke meiega \u00fchendust e-mailil&nbsp;<a href=\"mailto:info@padaste.ee\">info@padaste.ee<\/a>&nbsp;v\u00f5i helistage numbril +372 45 48 800<\/p>\n<p>&nbsp;<\/p>\n<p>&nbsp;<\/p>\n<p><strong>Vaata lisaks<\/strong><\/p>\n<p>&nbsp;<\/p>\n<p style=\"padding-left: 60px;\"><a href=\"http:\/\/www.padaste.ee\/et\/puhkehetked\/rahustav\/\">Rahustav<\/a><\/p>\n<p style=\"padding-left: 60px;\"><a href=\"http:\/\/www.padaste.ee\/et\/puhkehetked\/inspireeriv\/\">Inspireeriv<\/a><\/p>\n<p style=\"padding-left: 60px;\"><a href=\"http:\/\/www.padaste.ee\/et\/puhkehetked\/toeline-muhu\/\">T\u00f5eline Muhu<\/a><\/p>\n","protected":false},"excerpt":{"rendered":"<p>Ratsamatk m\u00f6\u00f6da Muhumaa p\u00f5ldusid ja metsasid koos imelise piknikuga Muhumaa p\u00f5llud ja metsad on siiamaani puutumata, \u00fcsnagi haruldane t\u00e4nap\u00e4eva maailmas. Kutsume teid avastama meie loodust hobusel. Ratsamatkad on juhendatud ning sobilikud nii kogenenud kui ka mitte nii kogenenud s\u00f5itjatele. Id\u00fclliliseks l\u00f5unas\u00f6\u00f6kiks oleme valmistanud Baroni pikniku korvi, mida nautida Muhumaa p\u00f5ldudel, v\u00f5i buffee \u00fcksikul rannal. &nbsp; [&hellip;]<\/p>\n","protected":false},"author":52,"featured_media":11688,"parent":8986,"menu_order":0,"comment_status":"closed","ping_status":"closed","template":"","meta":{"ngg_post_thumbnail":0,"_links_to":"","_links_to_target":""},"yoast_head":"<!-- This site is optimized with the Yoast SEO plugin v16.1.1 - https:\/\/yoast.com\/wordpress\/plugins\/seo\/ -->\n<title>Hoogne -<\/title>\n<link rel=\"canonical\" href=\"https:\/\/xn--pdaste-bua.ee\/et\/puhkehetked\/hoogne\/\" \/>\n<meta property=\"og:locale\" content=\"et_EE\" \/>\n<meta property=\"og:type\" content=\"article\" \/>\n<meta property=\"og:title\" content=\"Hoogne -\" \/>\n<meta property=\"og:description\" content=\"Ratsamatk m\u00f6\u00f6da Muhumaa p\u00f5ldusid ja metsasid koos imelise piknikuga Muhumaa p\u00f5llud ja metsad on siiamaani puutumata, \u00fcsnagi haruldane t\u00e4nap\u00e4eva maailmas. Kutsume teid avastama meie loodust hobusel. Ratsamatkad on juhendatud ning sobilikud nii kogenenud kui ka mitte nii kogenenud s\u00f5itjatele. Id\u00fclliliseks l\u00f5unas\u00f6\u00f6kiks oleme valmistanud Baroni pikniku korvi, mida nautida Muhumaa p\u00f5ldudel, v\u00f5i buffee \u00fcksikul rannal. &nbsp; [&hellip;]\" \/>\n<meta property=\"og:url\" content=\"https:\/\/xn--pdaste-bua.ee\/et\/puhkehetked\/hoogne\/\" \/>\n<meta property=\"article:publisher\" content=\"https:\/\/www.facebook.com\/Padastemanor\/\" \/>\n<meta property=\"article:modified_time\" content=\"2022-11-09T19:18:29+00:00\" \/>\n<meta property=\"og:image\" content=\"https:\/\/xn--pdaste-bua.ee\/wp-content\/uploads\/2018\/02\/p1010780-1024x768.jpg\" \/>\n\t<meta property=\"og:image:width\" content=\"1024\" \/>\n\t<meta property=\"og:image:height\" content=\"768\" \/>\n<meta name=\"twitter:card\" content=\"summary_large_image\" \/>\n<meta name=\"twitter:label1\" content=\"Est. reading time\">\n\t<meta name=\"twitter:data1\" content=\"2 minutit\">\n<script type=\"application\/ld+json\" class=\"yoast-schema-graph\">{\"@context\":\"https:\/\/schema.org\",\"@graph\":[{\"@type\":\"Organization\",\"@id\":\"https:\/\/padaste.ee\/#organization\",\"name\":\"P\\u00e4daste M\\u00f5is\",\"url\":\"https:\/\/padaste.ee\/\",\"sameAs\":[\"https:\/\/www.facebook.com\/Padastemanor\/\"],\"logo\":{\"@type\":\"ImageObject\",\"@id\":\"https:\/\/padaste.ee\/#logo\",\"inLanguage\":\"et\",\"url\":\"https:\/\/padaste.ee\/wp-content\/uploads\/2018\/12\/padaste_2011.jpg\",\"contentUrl\":\"https:\/\/padaste.ee\/wp-content\/uploads\/2018\/12\/padaste_2011.jpg\",\"width\":154,\"height\":61,\"caption\":\"P\\u00e4daste M\\u00f5is\"},\"image\":{\"@id\":\"https:\/\/padaste.ee\/#logo\"}},{\"@type\":\"WebSite\",\"@id\":\"https:\/\/padaste.ee\/#website\",\"url\":\"https:\/\/padaste.ee\/\",\"name\":\"\",\"description\":\"\",\"publisher\":{\"@id\":\"https:\/\/padaste.ee\/#organization\"},\"potentialAction\":[{\"@type\":\"SearchAction\",\"target\":\"https:\/\/padaste.ee\/?s={search_term_string}\",\"query-input\":\"required name=search_term_string\"}],\"inLanguage\":\"et\"},{\"@type\":\"ImageObject\",\"@id\":\"https:\/\/xn--pdaste-bua.ee\/et\/puhkehetked\/hoogne\/#primaryimage\",\"inLanguage\":\"et\",\"url\":\"https:\/\/xn--pdaste-bua.ee\/wp-content\/uploads\/2018\/02\/p1010780.jpg\",\"contentUrl\":\"https:\/\/xn--pdaste-bua.ee\/wp-content\/uploads\/2018\/02\/p1010780.jpg\",\"width\":5184,\"height\":3888,\"caption\":\"OLYMPUS DIGITAL CAMERA\"},{\"@type\":\"WebPage\",\"@id\":\"https:\/\/xn--pdaste-bua.ee\/et\/puhkehetked\/hoogne\/#webpage\",\"url\":\"https:\/\/xn--pdaste-bua.ee\/et\/puhkehetked\/hoogne\/\",\"name\":\"Hoogne -\",\"isPartOf\":{\"@id\":\"https:\/\/padaste.ee\/#website\"},\"primaryImageOfPage\":{\"@id\":\"https:\/\/xn--pdaste-bua.ee\/et\/puhkehetked\/hoogne\/#primaryimage\"},\"datePublished\":\"2018-03-13T14:59:42+00:00\",\"dateModified\":\"2022-11-09T19:18:29+00:00\",\"breadcrumb\":{\"@id\":\"https:\/\/xn--pdaste-bua.ee\/et\/puhkehetked\/hoogne\/#breadcrumb\"},\"inLanguage\":\"et\",\"potentialAction\":[{\"@type\":\"ReadAction\",\"target\":[\"https:\/\/xn--pdaste-bua.ee\/et\/puhkehetked\/hoogne\/\"]}]},{\"@type\":\"BreadcrumbList\",\"@id\":\"https:\/\/xn--pdaste-bua.ee\/et\/puhkehetked\/hoogne\/#breadcrumb\",\"itemListElement\":[{\"@type\":\"ListItem\",\"position\":1,\"item\":{\"@type\":\"WebPage\",\"@id\":\"https:\/\/padaste.ee\/et\/\",\"url\":\"https:\/\/padaste.ee\/et\/\",\"name\":\"Home\"}},{\"@type\":\"ListItem\",\"position\":2,\"item\":{\"@type\":\"WebPage\",\"@id\":\"https:\/\/xn--pdaste-bua.ee\/et\/puhkehetked\/\",\"url\":\"https:\/\/xn--pdaste-bua.ee\/et\/puhkehetked\/\",\"name\":\"Puhkehetked\"}},{\"@type\":\"ListItem\",\"position\":3,\"item\":{\"@type\":\"WebPage\",\"@id\":\"https:\/\/xn--pdaste-bua.ee\/et\/puhkehetked\/hoogne\/\",\"url\":\"https:\/\/xn--pdaste-bua.ee\/et\/puhkehetked\/hoogne\/\",\"name\":\"Hoogne\"}}]}]}<\/script>\n<!-- \/ Yoast SEO plugin. -->","_links":{"self":[{"href":"https:\/\/xn--pdaste-bua.ee\/et\/wp-json\/wp\/v2\/pages\/12278"}],"collection":[{"href":"https:\/\/xn--pdaste-bua.ee\/et\/wp-json\/wp\/v2\/pages"}],"about":[{"href":"https:\/\/xn--pdaste-bua.ee\/et\/wp-json\/wp\/v2\/types\/page"}],"author":[{"embeddable":true,"href":"https:\/\/xn--pdaste-bua.ee\/et\/wp-json\/wp\/v2\/users\/52"}],"replies":[{"embeddable":true,"href":"https:\/\/xn--pdaste-bua.ee\/et\/wp-json\/wp\/v2\/comments?post=12278"}],"version-history":[{"count":9,"href":"https:\/\/xn--pdaste-bua.ee\/et\/wp-json\/wp\/v2\/pages\/12278\/revisions"}],"predecessor-version":[{"id":19111,"href":"https:\/\/xn--pdaste-bua.ee\/et\/wp-json\/wp\/v2\/pages\/12278\/revisions\/19111"}],"up":[{"embeddable":true,"href":"https:\/\/xn--pdaste-bua.ee\/et\/wp-json\/wp\/v2\/pages\/8986"}],"wp:featuredmedia":[{"embeddable":true,"href":"https:\/\/xn--pdaste-bua.ee\/et\/wp-json\/wp\/v2\/media\/11688"}],"wp:attachment":[{"href":"https:\/\/xn--pdaste-bua.ee\/et\/wp-json\/wp\/v2\/media?parent=12278"}],"curies":[{"name":"wp","href":"https:\/\/api.w.org\/{rel}","templated":true}]}}