{"id":12270,"date":"2018-03-13T16:47:16","date_gmt":"2018-03-13T14:47:16","guid":{"rendered":"http:\/\/www.padaste.ee\/?page_id=12270"},"modified":"2023-12-13T10:09:58","modified_gmt":"2023-12-13T10:09:58","slug":"inspireeriv","status":"publish","type":"page","link":"https:\/\/xn--pdaste-bua.ee\/et\/puhkehetked\/inspireeriv\/","title":{"rendered":"Inspireeriv"},"content":{"rendered":"<h1><span style=\"font-size: 18px; color: #ff0000;\">Saarte Degustatsioonimen\u00fc\u00fc restoran Alexandri peakokalauas<\/span><\/h1>\n<p>Restoran Alexander asub m\u00f5isa H\u00e4rrastemaja keskseimal ja auv\u00e4\u00e4rseimal kohal. Alexander on uhke <em>Global Masters Level<\/em> kategooria restoran White Guide 2018 giidis ning viiekordne Parim Restoran Eestis tiitli omanik. Meie peakokk serveerib teile innovaatilise Saarte Degustatsioonimen\u00fc\u00fc peaokalauas.<\/p>\n<p>&nbsp;<\/p>\n<p>&nbsp;<\/p>\n<p><a href=\"http:\/\/www.padaste.ee\/wp-content\/uploads\/2018\/02\/imgl9702_fullsize_fotograaf-lauri_-laan_.jpg\"><img loading=\"lazy\" class=\"alignright wp-image-11696 size-medium\" src=\"http:\/\/www.padaste.ee\/wp-content\/uploads\/2018\/02\/imgl9702_fullsize_fotograaf-lauri_-laan_-300x188.jpg\" alt=\"\" width=\"300\" height=\"188\" srcset=\"https:\/\/xn--pdaste-bua.ee\/wp-content\/uploads\/2018\/02\/imgl9702_fullsize_fotograaf-lauri_-laan_-300x188.jpg 300w, https:\/\/xn--pdaste-bua.ee\/wp-content\/uploads\/2018\/02\/imgl9702_fullsize_fotograaf-lauri_-laan_-768x480.jpg 768w, https:\/\/xn--pdaste-bua.ee\/wp-content\/uploads\/2018\/02\/imgl9702_fullsize_fotograaf-lauri_-laan_-1024x640.jpg 1024w, https:\/\/xn--pdaste-bua.ee\/wp-content\/uploads\/2018\/02\/imgl9702_fullsize_fotograaf-lauri_-laan_-24x15.jpg 24w, https:\/\/xn--pdaste-bua.ee\/wp-content\/uploads\/2018\/02\/imgl9702_fullsize_fotograaf-lauri_-laan_-36x23.jpg 36w, https:\/\/xn--pdaste-bua.ee\/wp-content\/uploads\/2018\/02\/imgl9702_fullsize_fotograaf-lauri_-laan_-48x30.jpg 48w\" sizes=\"(max-width: 300px) 100vw, 300px\" \/><\/a><\/p>\n<h1><span style=\"font-size: 18px; color: #ff0000;\">Avasta P\u00e4daste \u00fcmbrust jalgrattal<\/span><\/h1>\n<p>Avasta P\u00e4dastet \u00fcmbritsevaid v\u00e4ikseid ja v\u00e4rvilisi k\u00fclakesi jalgrattal.<\/p>\n<p>&nbsp;<\/p>\n<p>&nbsp;<\/p>\n<h1><span style=\"font-size: 18px; color: #ff0000;\"><strong>Ratastega seiklus saartel<\/strong><\/span><\/h1>\n<p>\nKutsume k\u00fclalisi, kes on huvitatud pikemate v\u00f5i l\u00fchemate rattadistantside l\u00e4bimisest kahel saarel ja nende vahel, \u201esportlikule\u201c v\u00e4ljas\u00f5idule. Uudistage rattaretkel madaliku metsi, traditsioonilisi k\u00fclasid ja ajaloolisi kirikuid. Avastage p\u00f5ldude ja metsade taime- ja loomaliikide mitmekesisust. V\u00e4ikesed k\u00fclad, mida jalgrattaretk l\u00e4bib, on s\u00e4ilitanud oma esialgse v\u00f5lu. Pikniku stiilis l\u00f5una serveeritakse pankrannikul, millelt avaneb vaade merele v\u00f5i metsas, kus teid \u00fcmbritsevad marjad, seened ja linnulaul. J\u00f5udes tagasi m\u00f5isa ootab reisijaid Muhu puuk\u00fcttega saun ja P\u00f5hjala k\u00fclmavee t\u00f5rs. Emotsionaalse ja sportliku p\u00e4eva l\u00f5petab kulinaarne elamus, mida presenteerib meie peakokk.<\/p>\n<p>&nbsp;<\/p>\n<p>&nbsp;<\/p>\n<h1><span style=\"font-size: 18px; color: #ff0000;\">S\u00f5it hobukaarikul l\u00e4bi Muhumaa metsaradade<\/span><\/h1>\n<p>Mugavad hobukaarikud viivaid teid avastama Muhumaa metsaradasid; l\u00e4bi meelitava metsal\u00f5hna ja kireva looduse.<\/p>\n<p>&nbsp;<\/p>\n<p>&nbsp;<\/p>\n<h1><span style=\"font-size: 18px; color: #ff0000;\">\u0160ampanja degusteerimine m\u00f5isa sommeljeega<\/span><\/h1>\n<p>Suurep\u00e4raste \u0161ampanjade degusteerimine P\u00e4daste M\u00f5isa sommeljee juhendamisel. Teile tutvustavad \u0161ampanjad varieeruvad v\u00e4ga headest kuni suurep\u00e4rasteni.<\/p>\n<p>&nbsp;<\/p>\n<p>&nbsp;<\/p>\n<h1><span style=\"font-size: 18px; color: #ff0000;\">Tutvu P\u00f5hjala Saarte k\u00f6\u00f6gi saladustega \u2013 t\u00f6\u00f6tuba P\u00e4daste M\u00f5isa peakokaga<\/span><\/h1>\n<p>Tutvustus P\u00f5hjala saarte k\u00f6\u00f6gi saladustega; t\u00f6\u00f6tuba ning maitsmine koos peakokaga.<\/p>\n<p>&nbsp;<\/p>\n<p><a href=\"http:\/\/www.padaste.ee\/wp-content\/uploads\/2018\/01\/3073061843.jpg\"><img loading=\"lazy\" class=\"alignright wp-image-11526 size-medium\" src=\"http:\/\/www.padaste.ee\/wp-content\/uploads\/2018\/01\/3073061843-300x200.jpg\" alt=\"\" width=\"300\" height=\"200\" srcset=\"https:\/\/xn--pdaste-bua.ee\/wp-content\/uploads\/2018\/01\/3073061843-300x200.jpg 300w, https:\/\/xn--pdaste-bua.ee\/wp-content\/uploads\/2018\/01\/3073061843-768x512.jpg 768w, https:\/\/xn--pdaste-bua.ee\/wp-content\/uploads\/2018\/01\/3073061843-1024x683.jpg 1024w, https:\/\/xn--pdaste-bua.ee\/wp-content\/uploads\/2018\/01\/3073061843-24x16.jpg 24w, https:\/\/xn--pdaste-bua.ee\/wp-content\/uploads\/2018\/01\/3073061843-36x24.jpg 36w, https:\/\/xn--pdaste-bua.ee\/wp-content\/uploads\/2018\/01\/3073061843-48x32.jpg 48w\" sizes=\"(max-width: 300px) 100vw, 300px\" \/><\/a><\/p>\n<h1>&nbsp;<\/h1>\n<h1><span style=\"font-size: 18px; color: #ff0000;\">Eksle looduses \u2013 suve\u00f5htune jalutusk\u00e4ik<\/span><\/h1>\n<p>Ole iseenda giid avastamaks Muhusaare puutumata loodust; jaluta iidses kadakametsas, k\u00f5nni l\u00e4bi kohalike aedade v\u00f5i m\u00f6\u00f6da mere\u00e4\u00e4rt.<\/p>\n<p>&nbsp;<\/p>\n<p>&nbsp;<\/p>\n<p>&nbsp;<\/p>\n<p>K\u00f5ik pakutavad puhkehetked organiseeritakse eraldi vastavalt soovile; pakkumise l\u00f5plik hind ja kinnitus s\u00f5ltub kuup\u00e4evast ning k\u00fclaliste arvust.<\/p>\n<p>&nbsp;<\/p>\n<p>Lisainformatsiooniks v\u00f5tke meiega \u00fchendust e-mailil&nbsp;<a href=\"mailto:info@padaste.ee\">info@padaste.ee<\/a>&nbsp;v\u00f5i helistage numbril +372 45 48 800<\/p>\n<p>&nbsp;<\/p>\n<p>&nbsp;<\/p>\n<p><strong>Vaata lisaks<\/strong><\/p>\n<p>&nbsp;<\/p>\n<p style=\"padding-left: 60px;\"><a href=\"http:\/\/www.padaste.ee\/et\/puhkehetked\/rahustav\/\">Rahustav<\/a><\/p>\n<p style=\"padding-left: 60px;\"><a href=\"http:\/\/www.padaste.ee\/et\/puhkehetked\/toeline-muhu\/\">T\u00f5eline Muhu<\/a><\/p>\n<p style=\"padding-left: 60px;\"><a href=\"http:\/\/www.padaste.ee\/et\/puhkehetked\/hoogne\/\">Hoogne<\/a><\/p>\n","protected":false},"excerpt":{"rendered":"<p>Saarte Degustatsioonimen\u00fc\u00fc restoran Alexandri peakokalauas Restoran Alexander asub m\u00f5isa H\u00e4rrastemaja keskseimal ja auv\u00e4\u00e4rseimal kohal. Alexander on uhke Global Masters Level kategooria restoran White Guide 2018 giidis ning viiekordne Parim Restoran Eestis tiitli omanik. Meie peakokk serveerib teile innovaatilise Saarte Degustatsioonimen\u00fc\u00fc peaokalauas. &nbsp; &nbsp; Avasta P\u00e4daste \u00fcmbrust jalgrattal Avasta P\u00e4dastet \u00fcmbritsevaid v\u00e4ikseid ja v\u00e4rvilisi k\u00fclakesi jalgrattal. [&hellip;]<\/p>\n","protected":false},"author":52,"featured_media":11696,"parent":8986,"menu_order":0,"comment_status":"closed","ping_status":"closed","template":"","meta":{"ngg_post_thumbnail":0,"_links_to":"","_links_to_target":""},"yoast_head":"<!-- This site is optimized with the Yoast SEO plugin v16.1.1 - https:\/\/yoast.com\/wordpress\/plugins\/seo\/ -->\n<title>Inspireeriv -<\/title>\n<link rel=\"canonical\" href=\"https:\/\/xn--pdaste-bua.ee\/et\/puhkehetked\/inspireeriv\/\" \/>\n<meta property=\"og:locale\" content=\"et_EE\" \/>\n<meta property=\"og:type\" content=\"article\" \/>\n<meta property=\"og:title\" content=\"Inspireeriv -\" \/>\n<meta property=\"og:description\" content=\"Saarte Degustatsioonimen\u00fc\u00fc restoran Alexandri peakokalauas Restoran Alexander asub m\u00f5isa H\u00e4rrastemaja keskseimal ja auv\u00e4\u00e4rseimal kohal. Alexander on uhke Global Masters Level kategooria restoran White Guide 2018 giidis ning viiekordne Parim Restoran Eestis tiitli omanik. Meie peakokk serveerib teile innovaatilise Saarte Degustatsioonimen\u00fc\u00fc peaokalauas. &nbsp; &nbsp; Avasta P\u00e4daste \u00fcmbrust jalgrattal Avasta P\u00e4dastet \u00fcmbritsevaid v\u00e4ikseid ja v\u00e4rvilisi k\u00fclakesi jalgrattal. [&hellip;]\" \/>\n<meta property=\"og:url\" content=\"https:\/\/xn--pdaste-bua.ee\/et\/puhkehetked\/inspireeriv\/\" \/>\n<meta property=\"article:publisher\" content=\"https:\/\/www.facebook.com\/Padastemanor\/\" \/>\n<meta property=\"article:modified_time\" content=\"2023-12-13T10:09:58+00:00\" \/>\n<meta property=\"og:image\" content=\"https:\/\/xn--pdaste-bua.ee\/wp-content\/uploads\/2018\/02\/imgl9702_fullsize_fotograaf-lauri_-laan_-1024x640.jpg\" \/>\n\t<meta property=\"og:image:width\" content=\"1024\" \/>\n\t<meta property=\"og:image:height\" content=\"640\" \/>\n<meta name=\"twitter:card\" content=\"summary_large_image\" \/>\n<meta name=\"twitter:label1\" content=\"Est. reading time\">\n\t<meta name=\"twitter:data1\" content=\"2 minutit\">\n<script type=\"application\/ld+json\" class=\"yoast-schema-graph\">{\"@context\":\"https:\/\/schema.org\",\"@graph\":[{\"@type\":\"Organization\",\"@id\":\"https:\/\/padaste.ee\/#organization\",\"name\":\"P\\u00e4daste M\\u00f5is\",\"url\":\"https:\/\/padaste.ee\/\",\"sameAs\":[\"https:\/\/www.facebook.com\/Padastemanor\/\"],\"logo\":{\"@type\":\"ImageObject\",\"@id\":\"https:\/\/padaste.ee\/#logo\",\"inLanguage\":\"et\",\"url\":\"https:\/\/padaste.ee\/wp-content\/uploads\/2018\/12\/padaste_2011.jpg\",\"contentUrl\":\"https:\/\/padaste.ee\/wp-content\/uploads\/2018\/12\/padaste_2011.jpg\",\"width\":154,\"height\":61,\"caption\":\"P\\u00e4daste M\\u00f5is\"},\"image\":{\"@id\":\"https:\/\/padaste.ee\/#logo\"}},{\"@type\":\"WebSite\",\"@id\":\"https:\/\/padaste.ee\/#website\",\"url\":\"https:\/\/padaste.ee\/\",\"name\":\"\",\"description\":\"\",\"publisher\":{\"@id\":\"https:\/\/padaste.ee\/#organization\"},\"potentialAction\":[{\"@type\":\"SearchAction\",\"target\":\"https:\/\/padaste.ee\/?s={search_term_string}\",\"query-input\":\"required name=search_term_string\"}],\"inLanguage\":\"et\"},{\"@type\":\"ImageObject\",\"@id\":\"https:\/\/xn--pdaste-bua.ee\/et\/puhkehetked\/inspireeriv\/#primaryimage\",\"inLanguage\":\"et\",\"url\":\"https:\/\/xn--pdaste-bua.ee\/wp-content\/uploads\/2018\/02\/imgl9702_fullsize_fotograaf-lauri_-laan_.jpg\",\"contentUrl\":\"https:\/\/xn--pdaste-bua.ee\/wp-content\/uploads\/2018\/02\/imgl9702_fullsize_fotograaf-lauri_-laan_.jpg\",\"width\":5760,\"height\":3600},{\"@type\":\"WebPage\",\"@id\":\"https:\/\/xn--pdaste-bua.ee\/et\/puhkehetked\/inspireeriv\/#webpage\",\"url\":\"https:\/\/xn--pdaste-bua.ee\/et\/puhkehetked\/inspireeriv\/\",\"name\":\"Inspireeriv -\",\"isPartOf\":{\"@id\":\"https:\/\/padaste.ee\/#website\"},\"primaryImageOfPage\":{\"@id\":\"https:\/\/xn--pdaste-bua.ee\/et\/puhkehetked\/inspireeriv\/#primaryimage\"},\"datePublished\":\"2018-03-13T14:47:16+00:00\",\"dateModified\":\"2023-12-13T10:09:58+00:00\",\"breadcrumb\":{\"@id\":\"https:\/\/xn--pdaste-bua.ee\/et\/puhkehetked\/inspireeriv\/#breadcrumb\"},\"inLanguage\":\"et\",\"potentialAction\":[{\"@type\":\"ReadAction\",\"target\":[\"https:\/\/xn--pdaste-bua.ee\/et\/puhkehetked\/inspireeriv\/\"]}]},{\"@type\":\"BreadcrumbList\",\"@id\":\"https:\/\/xn--pdaste-bua.ee\/et\/puhkehetked\/inspireeriv\/#breadcrumb\",\"itemListElement\":[{\"@type\":\"ListItem\",\"position\":1,\"item\":{\"@type\":\"WebPage\",\"@id\":\"https:\/\/padaste.ee\/et\/\",\"url\":\"https:\/\/padaste.ee\/et\/\",\"name\":\"Home\"}},{\"@type\":\"ListItem\",\"position\":2,\"item\":{\"@type\":\"WebPage\",\"@id\":\"https:\/\/xn--pdaste-bua.ee\/et\/puhkehetked\/\",\"url\":\"https:\/\/xn--pdaste-bua.ee\/et\/puhkehetked\/\",\"name\":\"Puhkehetked\"}},{\"@type\":\"ListItem\",\"position\":3,\"item\":{\"@type\":\"WebPage\",\"@id\":\"https:\/\/xn--pdaste-bua.ee\/et\/puhkehetked\/inspireeriv\/\",\"url\":\"https:\/\/xn--pdaste-bua.ee\/et\/puhkehetked\/inspireeriv\/\",\"name\":\"Inspireeriv\"}}]}]}<\/script>\n<!-- \/ Yoast SEO plugin. -->","_links":{"self":[{"href":"https:\/\/xn--pdaste-bua.ee\/et\/wp-json\/wp\/v2\/pages\/12270"}],"collection":[{"href":"https:\/\/xn--pdaste-bua.ee\/et\/wp-json\/wp\/v2\/pages"}],"about":[{"href":"https:\/\/xn--pdaste-bua.ee\/et\/wp-json\/wp\/v2\/types\/page"}],"author":[{"embeddable":true,"href":"https:\/\/xn--pdaste-bua.ee\/et\/wp-json\/wp\/v2\/users\/52"}],"replies":[{"embeddable":true,"href":"https:\/\/xn--pdaste-bua.ee\/et\/wp-json\/wp\/v2\/comments?post=12270"}],"version-history":[{"count":6,"href":"https:\/\/xn--pdaste-bua.ee\/et\/wp-json\/wp\/v2\/pages\/12270\/revisions"}],"predecessor-version":[{"id":20919,"href":"https:\/\/xn--pdaste-bua.ee\/et\/wp-json\/wp\/v2\/pages\/12270\/revisions\/20919"}],"up":[{"embeddable":true,"href":"https:\/\/xn--pdaste-bua.ee\/et\/wp-json\/wp\/v2\/pages\/8986"}],"wp:featuredmedia":[{"embeddable":true,"href":"https:\/\/xn--pdaste-bua.ee\/et\/wp-json\/wp\/v2\/media\/11696"}],"wp:attachment":[{"href":"https:\/\/xn--pdaste-bua.ee\/et\/wp-json\/wp\/v2\/media?parent=12270"}],"curies":[{"name":"wp","href":"https:\/\/api.w.org\/{rel}","templated":true}]}}