{"id":12014,"date":"2018-03-01T09:53:18","date_gmt":"2018-03-01T07:53:18","guid":{"rendered":"http:\/\/www.padaste.ee\/?page_id=12014"},"modified":"2023-03-20T13:03:03","modified_gmt":"2023-03-20T13:03:03","slug":"elegantselt-helikopteriga","status":"publish","type":"page","link":"https:\/\/xn--pdaste-bua.ee\/et\/paketid\/elegantselt-helikopteriga\/","title":{"rendered":"Elegantselt Helikopteriga"},"content":{"rendered":"<p><a href=\"http:\/\/www.padaste.ee\/wp-content\/uploads\/2018\/02\/heli1-1.jpg\"><img loading=\"lazy\" class=\"alignright wp-image-12005 size-medium\" src=\"http:\/\/www.padaste.ee\/wp-content\/uploads\/2018\/02\/heli1-1-300x225.jpg\" alt=\"\" width=\"300\" height=\"225\" srcset=\"https:\/\/xn--pdaste-bua.ee\/wp-content\/uploads\/2018\/02\/heli1-1-300x225.jpg 300w, https:\/\/xn--pdaste-bua.ee\/wp-content\/uploads\/2018\/02\/heli1-1-768x576.jpg 768w, https:\/\/xn--pdaste-bua.ee\/wp-content\/uploads\/2018\/02\/heli1-1-1024x768.jpg 1024w, https:\/\/xn--pdaste-bua.ee\/wp-content\/uploads\/2018\/02\/heli1-1-24x18.jpg 24w, https:\/\/xn--pdaste-bua.ee\/wp-content\/uploads\/2018\/02\/heli1-1-36x27.jpg 36w, https:\/\/xn--pdaste-bua.ee\/wp-content\/uploads\/2018\/02\/heli1-1-48x36.jpg 48w\" sizes=\"(max-width: 300px) 100vw, 300px\" \/><\/a><\/p>\n<p>P\u00e4daste M\u00f5is, salajane peatuspaik Muhu saare l\u00f5unakaldal, on n\u00fc\u00fcd l\u00e4hemal kui kunagi varem. Avasta Muhu saart ja seda \u00fcmbritsevaid puutumata laide helikopteriga.<\/p>\n<p>&nbsp;<\/p>\n<p>Olgu alguspunktiks Tallinn, Riia, Helsingi v\u00f5i isegi teie tagahoov \u2013 n\u00fc\u00fcdsest saate kogeda seda k\u00f5ige mugavamal viisil.<\/p>\n<p>&nbsp;<\/p>\n<p>&nbsp;<\/p>\n<h1><span style=\"font-size: 18px; color: #ff0000;\">L\u00f5\u00f5gastav p\u00f5genemine<\/span><\/h1>\n<p>&nbsp;<\/p>\n<ul>\n<li>Transfeer helikopteriga P\u00e4dastes M\u00f5isa ja tagasi alguspunkti&nbsp;<\/li>\n<li>1 \u00f6\u00f6 majutust Superior kahekohalises toas H\u00e4rrastemajas koos rikkaliku hommikus\u00f6\u00f6giga<\/li>\n<li>Saarte Degustatsioonimen\u00fc\u00fc restoranis Alexander<\/li>\n<li>Pudel \u0160ampanjat ning valik P\u00e4daste Gourmet h\u00f5rgutisi ootamas teie toas<\/li>\n<li>\u201cT\u00f5use ja s\u00e4ra\u201d hommikuv\u00f5imlemine iga p\u00e4ev kell 09:00 \u2013 joogal p\u00f5hinev virgutus ja venitused parima p\u00e4eva alustamiseks!<\/li>\n<\/ul>\n<p>&nbsp;<\/p>\n<p><strong>Hind alates 3000 eur k\u00fclalise kohta*<\/strong><\/p>\n<p>&nbsp;<\/p>\n<p>&nbsp;<\/p>\n<p>Broneerimiseks v\u00f5tke meiega \u00fchendust emailil&nbsp;<a href=\"mailto:info@padaste.ee\">info@padaste.ee<\/a>&nbsp;v\u00f5i helistage numbril +372 45 48 800<\/p>\n<p>&nbsp;<\/p>\n<p>&nbsp;<\/p>\n<p>*K\u00f5ik pakkumised s\u00f5ltuvad saadavusest; pakkumise l\u00f5plik hind ja kinnitus s\u00f5ltub kuup\u00e4evast ning k\u00fclaliste arvust.<\/p>\n<p>&nbsp;<\/p>\n<p>&nbsp;<\/p>\n<style id=\"bwg-style-0\">    #bwg_container1_0 #bwg_container2_0 .bwg-container-0.bwg-standard-thumbnails {      width: 1354px;              justify-content: center;        margin:0 auto !important;              background-color: rgba(255, 255, 255, 0.00);            padding-left: 4px;      padding-top: 4px;      max-width: 100%;            }        #bwg_container1_0 #bwg_container2_0 .bwg-container-0.bwg-standard-thumbnails .bwg-item {      justify-content: flex-start;      max-width: 270px;            width: 270px !important;          }    #bwg_container1_0 #bwg_container2_0 .bwg-container-0.bwg-standard-thumbnails .bwg-item > a {       margin-right: 4px;       margin-bottom: 4px;    }    #bwg_container1_0 #bwg_container2_0 .bwg-container-0.bwg-standard-thumbnails .bwg-item0 {      padding: 0px;            background-color:rgba(255,255,255, 0.30);      border: 0px none #CCCCCC;      opacity: 1.00;      border-radius: 0;      box-shadow: 0px 0px 0px #888888;    }    #bwg_container1_0 #bwg_container2_0 .bwg-container-0.bwg-standard-thumbnails .bwg-item1 img {      max-height: none;      max-width: none;      padding: 0 !important;    }        @media only screen and (min-width: 480px) {      #bwg_container1_0 #bwg_container2_0 .bwg-container-0.bwg-standard-thumbnails .bwg-item0 {        transition: all 0.3s ease 0s;-webkit-transition: all 0.3s ease 0s;      }      #bwg_container1_0 #bwg_container2_0 .bwg-container-0.bwg-standard-thumbnails .bwg-item0:hover {        -ms-transform: scale(1.1);        -webkit-transform: scale(1.1);        transform: scale(1.1);      }    }          #bwg_container1_0 #bwg_container2_0 .bwg-container-0.bwg-standard-thumbnails .bwg-item1 {      padding-top: 66.6666666667%;    }        #bwg_container1_0 #bwg_container2_0 .bwg-container-0.bwg-standard-thumbnails .bwg-title2,    #bwg_container1_0 #bwg_container2_0 .bwg-container-0.bwg-standard-thumbnails .bwg-ecommerce2 {      color: #CCCCCC;      font-family: segoe ui;      font-size: 16px;      font-weight: bold;      padding: 2px;      text-shadow: 0px 0px 0px #888888;      max-height: 100%;    }    #bwg_container1_0 #bwg_container2_0 .bwg-container-0.bwg-standard-thumbnails .bwg-thumb-description span {    color: #323A45;    font-family: Ubuntu;    font-size: 12px;    max-height: 100%;    word-wrap: break-word;    }    #bwg_container1_0 #bwg_container2_0 .bwg-container-0.bwg-standard-thumbnails .bwg-play-icon2 {      font-size: 32px;    }    #bwg_container1_0 #bwg_container2_0 .bwg-container-0.bwg-standard-thumbnails .bwg-ecommerce2 {      font-size: 19.2px;      color: #CCCCCC;    }    <\/style>    <div id=\"bwg_container1_0\"         class=\"bwg_container bwg_thumbnail bwg_thumbnails\"         data-right-click-protection=\"0\"         data-bwg=\"0\"         data-gallery-type=\"thumbnails\"         data-current-url=\"https:\/\/xn--pdaste-bua.ee\/et\/wp-json\/wp\/v2\/pages\/12014\"         data-lightbox-url=\"https:\/\/xn--pdaste-bua.ee\/wp-admin\/admin-ajax.php?action=GalleryBox&current_view=0&gallery_id=14&tag=0&theme_id=1&shortcode_id=45&sort_by=order&order_by=asc&current_url=https%3A%2F%2Fxn--pdaste-bua.ee%2Fet%2Fwp-json%2Fwp%2Fv2%2Fpages%2F12014\"         data-gallery-id=\"14\"         data-popup-width=\"1200\"         data-popup-height=\"800\"         data-is-album=\"gallery\"         data-buttons-position=\"bottom\">      <div id=\"bwg_container2_0\">             <div id=\"ajax_loading_0\" class=\"bwg_loading_div_1\">      <div class=\"bwg_loading_div_2\">        <div class=\"bwg_loading_div_3\">          <div id=\"loading_div_0\" class=\"bwg_spider_ajax_loading\">          <\/div>        <\/div>      <\/div>    <\/div>            <form id=\"gal_front_form_0\"              class=\"bwg-hidden\"              method=\"post\"              action=\"#\"              data-current=\"0\"              data-shortcode-id=\"45\"              data-gallery-type=\"thumbnails\"              data-gallery-id=\"14\"              data-tag=\"0\"              data-album-id=\"0\"              data-theme-id=\"1\"              data-ajax-url=\"https:\/\/xn--pdaste-bua.ee\/wp-admin\/admin-ajax.php?action=bwg_frontend_data\">          <div id=\"bwg_container3_0\" class=\"bwg-background bwg-background-0\">                <div data-max-count=\"5\"         data-thumbnail-width=\"270\"         data-bwg=\"0\"         data-gallery-id=\"14\"         data-lightbox-url=\"https:\/\/xn--pdaste-bua.ee\/wp-admin\/admin-ajax.php?action=GalleryBox&current_view=0&gallery_id=14&tag=0&theme_id=1&shortcode_id=45&sort_by=order&order_by=asc&current_url=https%3A%2F%2Fxn--pdaste-bua.ee%2Fet%2Fwp-json%2Fwp%2Fv2%2Fpages%2F12014\"         id=\"bwg_thumbnails_0\"         class=\"bwg-container-0 bwg-thumbnails bwg-standard-thumbnails bwg-container bwg-border-box\">            <div class=\"bwg-item\">        <a class=\"bwg-a bwg_lightbox\"  data-image-id=\"121\" href=\"https:\/\/xn--pdaste-bua.ee\/wp-content\/uploads\/photo-gallery\/6107690983_(1).jpg\" data-elementor-open-lightbox=\"no\" >                <div class=\"bwg-item0 \">          <div class=\"bwg-item1 \">            <div class=\"bwg-item2\">              <img class=\"skip-lazy bwg_standart_thumb_img_0 \"                   data-id=\"121\"                   data-width=\"\"                   data-height=\"\"                   data-original=\"https:\/\/xn--pdaste-bua.ee\/wp-content\/uploads\/photo-gallery\/thumb\/6107690983_(1).jpg\"                   src=\"https:\/\/xn--pdaste-bua.ee\/wp-content\/uploads\/photo-gallery\/thumb\/6107690983_(1).jpg\"                   alt=\"6107690983 (1)\" \/>            <\/div>            <div class=\"\">                                                      <\/div>          <\/div>        <\/div>                                <\/a>      <\/div>            <div class=\"bwg-item\">        <a class=\"bwg-a bwg_lightbox\"  data-image-id=\"124\" href=\"https:\/\/xn--pdaste-bua.ee\/wp-content\/uploads\/photo-gallery\/3943599095_(2).jpg\" data-elementor-open-lightbox=\"no\" >                <div class=\"bwg-item0 \">          <div class=\"bwg-item1 \">            <div class=\"bwg-item2\">              <img class=\"skip-lazy bwg_standart_thumb_img_0 \"                   data-id=\"124\"                   data-width=\"\"                   data-height=\"\"                   data-original=\"https:\/\/xn--pdaste-bua.ee\/wp-content\/uploads\/photo-gallery\/thumb\/3943599095_(2).jpg\"                   src=\"https:\/\/xn--pdaste-bua.ee\/wp-content\/uploads\/photo-gallery\/thumb\/3943599095_(2).jpg\"                   alt=\"3943599095 (2)\" \/>            <\/div>            <div class=\"\">                                                      <\/div>          <\/div>        <\/div>                                <\/a>      <\/div>            <div class=\"bwg-item\">        <a class=\"bwg-a bwg_lightbox\"  data-image-id=\"123\" href=\"https:\/\/xn--pdaste-bua.ee\/wp-content\/uploads\/photo-gallery\/97517852.jpg\" data-elementor-open-lightbox=\"no\" >                <div class=\"bwg-item0 \">          <div class=\"bwg-item1 \">            <div class=\"bwg-item2\">              <img class=\"skip-lazy bwg_standart_thumb_img_0 \"                   data-id=\"123\"                   data-width=\"\"                   data-height=\"\"                   data-original=\"https:\/\/xn--pdaste-bua.ee\/wp-content\/uploads\/photo-gallery\/thumb\/97517852.jpg\"                   src=\"https:\/\/xn--pdaste-bua.ee\/wp-content\/uploads\/photo-gallery\/thumb\/97517852.jpg\"                   alt=\"97517852\" \/>            <\/div>            <div class=\"\">                                                      <\/div>          <\/div>        <\/div>                                <\/a>      <\/div>            <div class=\"bwg-item\">        <a class=\"bwg-a bwg_lightbox\"  data-image-id=\"126\" href=\"https:\/\/xn--pdaste-bua.ee\/wp-content\/uploads\/photo-gallery\/3073561294_(1).jpg\" data-elementor-open-lightbox=\"no\" >                <div class=\"bwg-item0 \">          <div class=\"bwg-item1 \">            <div class=\"bwg-item2\">              <img class=\"skip-lazy bwg_standart_thumb_img_0 \"                   data-id=\"126\"                   data-width=\"\"                   data-height=\"\"                   data-original=\"https:\/\/xn--pdaste-bua.ee\/wp-content\/uploads\/photo-gallery\/thumb\/3073561294_(1).jpg\"                   src=\"https:\/\/xn--pdaste-bua.ee\/wp-content\/uploads\/photo-gallery\/thumb\/3073561294_(1).jpg\"                   alt=\"3073561294 (1)\" \/>            <\/div>            <div class=\"\">                                                      <\/div>          <\/div>        <\/div>                                <\/a>      <\/div>            <div class=\"bwg-item\">        <a class=\"bwg-a bwg_lightbox\"  data-image-id=\"125\" href=\"https:\/\/xn--pdaste-bua.ee\/wp-content\/uploads\/photo-gallery\/2676254719_(1).jpg\" data-elementor-open-lightbox=\"no\" >                <div class=\"bwg-item0 \">          <div class=\"bwg-item1 \">            <div class=\"bwg-item2\">              <img class=\"skip-lazy bwg_standart_thumb_img_0 \"                   data-id=\"125\"                   data-width=\"\"                   data-height=\"\"                   data-original=\"https:\/\/xn--pdaste-bua.ee\/wp-content\/uploads\/photo-gallery\/thumb\/2676254719_(1).jpg\"                   src=\"https:\/\/xn--pdaste-bua.ee\/wp-content\/uploads\/photo-gallery\/thumb\/2676254719_(1).jpg\"                   alt=\"2676254719 (1)\" \/>            <\/div>            <div class=\"\">                                                      <\/div>          <\/div>        <\/div>                                <\/a>      <\/div>            <div class=\"bwg-item\">        <a class=\"bwg-a bwg_lightbox\"  data-image-id=\"127\" href=\"https:\/\/xn--pdaste-bua.ee\/wp-content\/uploads\/photo-gallery\/5961006571.jpg\" data-elementor-open-lightbox=\"no\" >                <div class=\"bwg-item0 \">          <div class=\"bwg-item1 \">            <div class=\"bwg-item2\">              <img class=\"skip-lazy bwg_standart_thumb_img_0 \"                   data-id=\"127\"                   data-width=\"\"                   data-height=\"\"                   data-original=\"https:\/\/xn--pdaste-bua.ee\/wp-content\/uploads\/photo-gallery\/thumb\/5961006571.jpg\"                   src=\"https:\/\/xn--pdaste-bua.ee\/wp-content\/uploads\/photo-gallery\/thumb\/5961006571.jpg\"                   alt=\"5961006571\" \/>            <\/div>            <div class=\"\">                                                      <\/div>          <\/div>        <\/div>                                <\/a>      <\/div>          <\/div>              <\/div>        <\/form>          <style>          #bwg_container1_0 #bwg_container2_0 #spider_popup_overlay_0 {          background-color: #000000;          opacity: 0.70;          }          <\/style>        <div id=\"bwg_spider_popup_loading_0\" class=\"bwg_spider_popup_loading\"><\/div>        <div id=\"spider_popup_overlay_0\" class=\"spider_popup_overlay\" onclick=\"spider_destroypopup(1000)\"><\/div>        <input type=\"hidden\" id=\"bwg_random_seed_0\" value=\"569123205\">                <\/div>    <\/div>    <script>      if (document.readyState === 'complete') {        if( typeof bwg_main_ready == 'function' ) {          if ( jQuery(\"#bwg_container1_0\").height() ) {            bwg_main_ready(jQuery(\"#bwg_container1_0\"));          }        }      } else {        document.addEventListener('DOMContentLoaded', function() {          if( typeof bwg_main_ready == 'function' ) {            if ( jQuery(\"#bwg_container1_0\").height() ) {             bwg_main_ready(jQuery(\"#bwg_container1_0\"));            }          }        });      }    <\/script>    \n","protected":false},"excerpt":{"rendered":"<p>P\u00e4daste M\u00f5is, salajane peatuspaik Muhu saare l\u00f5unakaldal, on n\u00fc\u00fcd l\u00e4hemal kui kunagi varem. Avasta Muhu saart ja seda \u00fcmbritsevaid puutumata laide helikopteriga. &nbsp; Olgu alguspunktiks Tallinn, Riia, Helsingi v\u00f5i isegi teie tagahoov \u2013 n\u00fc\u00fcdsest saate kogeda seda k\u00f5ige mugavamal viisil. &nbsp; &nbsp; L\u00f5\u00f5gastav p\u00f5genemine &nbsp; Transfeer helikopteriga P\u00e4dastes M\u00f5isa ja tagasi alguspunkti&nbsp; 1 \u00f6\u00f6 majutust [&hellip;]<\/p>\n","protected":false},"author":52,"featured_media":12005,"parent":8959,"menu_order":0,"comment_status":"closed","ping_status":"closed","template":"","meta":{"ngg_post_thumbnail":0,"_links_to":"","_links_to_target":""},"yoast_head":"<!-- This site is optimized with the Yoast SEO plugin v16.1.1 - https:\/\/yoast.com\/wordpress\/plugins\/seo\/ -->\n<title>Elegantselt Helikopteriga -<\/title>\n<link rel=\"canonical\" href=\"https:\/\/xn--pdaste-bua.ee\/et\/paketid\/elegantselt-helikopteriga\/\" \/>\n<meta property=\"og:locale\" content=\"et_EE\" \/>\n<meta property=\"og:type\" content=\"article\" \/>\n<meta property=\"og:title\" content=\"Elegantselt Helikopteriga -\" \/>\n<meta property=\"og:description\" content=\"P\u00e4daste M\u00f5is, salajane peatuspaik Muhu saare l\u00f5unakaldal, on n\u00fc\u00fcd l\u00e4hemal kui kunagi varem. Avasta Muhu saart ja seda \u00fcmbritsevaid puutumata laide helikopteriga. &nbsp; Olgu alguspunktiks Tallinn, Riia, Helsingi v\u00f5i isegi teie tagahoov \u2013 n\u00fc\u00fcdsest saate kogeda seda k\u00f5ige mugavamal viisil. &nbsp; &nbsp; L\u00f5\u00f5gastav p\u00f5genemine &nbsp; Transfeer helikopteriga P\u00e4dastes M\u00f5isa ja tagasi alguspunkti&nbsp; 1 \u00f6\u00f6 majutust [&hellip;]\" \/>\n<meta property=\"og:url\" content=\"https:\/\/xn--pdaste-bua.ee\/et\/paketid\/elegantselt-helikopteriga\/\" \/>\n<meta property=\"article:publisher\" content=\"https:\/\/www.facebook.com\/Padastemanor\/\" \/>\n<meta property=\"article:modified_time\" content=\"2023-03-20T13:03:03+00:00\" \/>\n<meta property=\"og:image\" content=\"https:\/\/xn--pdaste-bua.ee\/wp-content\/uploads\/2018\/02\/heli1-1-1024x768.jpg\" \/>\n\t<meta property=\"og:image:width\" content=\"1024\" \/>\n\t<meta property=\"og:image:height\" content=\"768\" \/>\n<meta name=\"twitter:card\" content=\"summary_large_image\" \/>\n<meta name=\"twitter:label1\" content=\"Est. reading time\">\n\t<meta name=\"twitter:data1\" content=\"1 minut\">\n<script type=\"application\/ld+json\" class=\"yoast-schema-graph\">{\"@context\":\"https:\/\/schema.org\",\"@graph\":[{\"@type\":\"Organization\",\"@id\":\"https:\/\/padaste.ee\/#organization\",\"name\":\"P\\u00e4daste M\\u00f5is\",\"url\":\"https:\/\/padaste.ee\/\",\"sameAs\":[\"https:\/\/www.facebook.com\/Padastemanor\/\"],\"logo\":{\"@type\":\"ImageObject\",\"@id\":\"https:\/\/padaste.ee\/#logo\",\"inLanguage\":\"et\",\"url\":\"https:\/\/padaste.ee\/wp-content\/uploads\/2018\/12\/padaste_2011.jpg\",\"contentUrl\":\"https:\/\/padaste.ee\/wp-content\/uploads\/2018\/12\/padaste_2011.jpg\",\"width\":154,\"height\":61,\"caption\":\"P\\u00e4daste M\\u00f5is\"},\"image\":{\"@id\":\"https:\/\/padaste.ee\/#logo\"}},{\"@type\":\"WebSite\",\"@id\":\"https:\/\/padaste.ee\/#website\",\"url\":\"https:\/\/padaste.ee\/\",\"name\":\"\",\"description\":\"\",\"publisher\":{\"@id\":\"https:\/\/padaste.ee\/#organization\"},\"potentialAction\":[{\"@type\":\"SearchAction\",\"target\":\"https:\/\/padaste.ee\/?s={search_term_string}\",\"query-input\":\"required name=search_term_string\"}],\"inLanguage\":\"et\"},{\"@type\":\"ImageObject\",\"@id\":\"https:\/\/xn--pdaste-bua.ee\/et\/paketid\/elegantselt-helikopteriga\/#primaryimage\",\"inLanguage\":\"et\",\"url\":\"https:\/\/xn--pdaste-bua.ee\/wp-content\/uploads\/2018\/02\/heli1-1.jpg\",\"contentUrl\":\"https:\/\/xn--pdaste-bua.ee\/wp-content\/uploads\/2018\/02\/heli1-1.jpg\",\"width\":2816,\"height\":2112},{\"@type\":\"WebPage\",\"@id\":\"https:\/\/xn--pdaste-bua.ee\/et\/paketid\/elegantselt-helikopteriga\/#webpage\",\"url\":\"https:\/\/xn--pdaste-bua.ee\/et\/paketid\/elegantselt-helikopteriga\/\",\"name\":\"Elegantselt Helikopteriga -\",\"isPartOf\":{\"@id\":\"https:\/\/padaste.ee\/#website\"},\"primaryImageOfPage\":{\"@id\":\"https:\/\/xn--pdaste-bua.ee\/et\/paketid\/elegantselt-helikopteriga\/#primaryimage\"},\"datePublished\":\"2018-03-01T07:53:18+00:00\",\"dateModified\":\"2023-03-20T13:03:03+00:00\",\"breadcrumb\":{\"@id\":\"https:\/\/xn--pdaste-bua.ee\/et\/paketid\/elegantselt-helikopteriga\/#breadcrumb\"},\"inLanguage\":\"et\",\"potentialAction\":[{\"@type\":\"ReadAction\",\"target\":[\"https:\/\/xn--pdaste-bua.ee\/et\/paketid\/elegantselt-helikopteriga\/\"]}]},{\"@type\":\"BreadcrumbList\",\"@id\":\"https:\/\/xn--pdaste-bua.ee\/et\/paketid\/elegantselt-helikopteriga\/#breadcrumb\",\"itemListElement\":[{\"@type\":\"ListItem\",\"position\":1,\"item\":{\"@type\":\"WebPage\",\"@id\":\"https:\/\/padaste.ee\/et\/\",\"url\":\"https:\/\/padaste.ee\/et\/\",\"name\":\"Home\"}},{\"@type\":\"ListItem\",\"position\":2,\"item\":{\"@type\":\"WebPage\",\"@id\":\"https:\/\/xn--pdaste-bua.ee\/et\/paketid\/\",\"url\":\"https:\/\/xn--pdaste-bua.ee\/et\/paketid\/\",\"name\":\"Paketid\"}},{\"@type\":\"ListItem\",\"position\":3,\"item\":{\"@type\":\"WebPage\",\"@id\":\"https:\/\/xn--pdaste-bua.ee\/et\/paketid\/elegantselt-helikopteriga\/\",\"url\":\"https:\/\/xn--pdaste-bua.ee\/et\/paketid\/elegantselt-helikopteriga\/\",\"name\":\"Elegantselt Helikopteriga\"}}]}]}<\/script>\n<!-- \/ Yoast SEO plugin. -->","_links":{"self":[{"href":"https:\/\/xn--pdaste-bua.ee\/et\/wp-json\/wp\/v2\/pages\/12014"}],"collection":[{"href":"https:\/\/xn--pdaste-bua.ee\/et\/wp-json\/wp\/v2\/pages"}],"about":[{"href":"https:\/\/xn--pdaste-bua.ee\/et\/wp-json\/wp\/v2\/types\/page"}],"author":[{"embeddable":true,"href":"https:\/\/xn--pdaste-bua.ee\/et\/wp-json\/wp\/v2\/users\/52"}],"replies":[{"embeddable":true,"href":"https:\/\/xn--pdaste-bua.ee\/et\/wp-json\/wp\/v2\/comments?post=12014"}],"version-history":[{"count":11,"href":"https:\/\/xn--pdaste-bua.ee\/et\/wp-json\/wp\/v2\/pages\/12014\/revisions"}],"predecessor-version":[{"id":19608,"href":"https:\/\/xn--pdaste-bua.ee\/et\/wp-json\/wp\/v2\/pages\/12014\/revisions\/19608"}],"up":[{"embeddable":true,"href":"https:\/\/xn--pdaste-bua.ee\/et\/wp-json\/wp\/v2\/pages\/8959"}],"wp:featuredmedia":[{"embeddable":true,"href":"https:\/\/xn--pdaste-bua.ee\/et\/wp-json\/wp\/v2\/media\/12005"}],"wp:attachment":[{"href":"https:\/\/xn--pdaste-bua.ee\/et\/wp-json\/wp\/v2\/media?parent=12014"}],"curies":[{"name":"wp","href":"https:\/\/api.w.org\/{rel}","templated":true}]}}